{"id":3816,"date":"2024-10-08T07:33:32","date_gmt":"2024-10-08T05:33:32","guid":{"rendered":"https:\/\/www.olimpicmataro.com\/eventos\/"},"modified":"2026-04-07T08:36:54","modified_gmt":"2026-04-07T06:36:54","slug":"eventos","status":"publish","type":"page","link":"https:\/\/www.olimpicmataro.com\/es\/eventos\/","title":{"rendered":"Eventos"},"content":{"rendered":"\t\t<div data-elementor-type=\"wp-page\" data-elementor-id=\"3816\" class=\"elementor elementor-3816 elementor-216\">\n\t\t\t\t        <section class=\"elementor-section elementor-top-section elementor-element elementor-element-63b1791 elementor-section-boxed elementor-section-height-default elementor-section-height-default pxl-section-static-pos-no pxl-section-overflow-hidden-no\" data-id=\"63b1791\" data-element_type=\"section\">\n\n                \n                <div class=\"elementor-container elementor-column-gap-default \">\n                <div class=\"elementor-column elementor-col-100 elementor-top-column elementor-element elementor-element-84c0aa2 pxl-column-element-default pxl-column-fullwidth-no\" data-id=\"84c0aa2\" data-element_type=\"column\">\r\n        <div class=\"elementor-widget-wrap elementor-element-populated\">\r\n                    \t\t<div class=\"elementor-element elementor-element-1855aa2 elementor-widget elementor-widget-pxl_product_grid\" data-id=\"1855aa2\" data-element_type=\"widget\" data-widget_type=\"pxl_product_grid.default\">\n\t\t\t\t<div class=\"elementor-widget-container\">\n\t\t\t\t\t\n<div id=\"pxl_product_grid-1855aa2\" class=\"pxl-product-grid pxl-shop-layout-4\">\n    <div class=\"pxl-grid-inner products row relative row-cols-xs-1 row-cols-sm-1 row-cols-md-2 row-cols-lg-2 row-cols-xl-3 row-cols-xxl-3\">\n        <div class=\"grid-item product type-product post-5269 status-publish first instock product_cat-eventos has-post-thumbnail shipping-taxable purchasable product-type-simple\">\n    <div class=\"pxl-shop-item-wrap\">\n        <div class=\"pxl-products-thumb relative\">\n            <div class=\"image-wrap \">\n                <img fetchpriority=\"high\" decoding=\"async\" width=\"300\" height=\"300\" src=\"https:\/\/www.olimpicmataro.com\/wp-content\/uploads\/2026\/04\/emb-300x300.webp\" class=\"attachment-woocommerce_thumbnail size-woocommerce_thumbnail\" alt=\"Jueves 30 de abril: Degustaci\u00f3n de embutidos de la pen\u00ednsula ib\u00e9rica\" srcset=\"https:\/\/www.olimpicmataro.com\/wp-content\/uploads\/2026\/04\/emb-300x300.webp 300w, https:\/\/www.olimpicmataro.com\/wp-content\/uploads\/2026\/04\/emb-150x150.webp 150w, https:\/\/www.olimpicmataro.com\/wp-content\/uploads\/2026\/04\/emb-100x100.webp 100w\" sizes=\"(max-width: 300px) 100vw, 300px\" loading=\"eager\" \/>                            <\/div>\n            <div class=\"hot-sale\">\n                            <\/div>\n        <\/div>\n        <div class=\"pxl-products-content\">\n            <div class=\"pxl-products-content-wrap\">\n                <div class=\"pxl-products-content-inner\">\n                                        <h3 class=\"pxl-product-title\">\n                        <a href=\"https:\/\/www.olimpicmataro.com\/es\/producte\/jueves-30-de-abril-degustacion-de-embutidos-de-la-peninsula-iberica\/\" title=\"Jueves 30 de abril: Degustaci\u00f3n de embutidos de la pen\u00ednsula ib\u00e9rica\">Jueves 30 de abril: Degustaci\u00f3n de embutidos de la pen\u00ednsula ib\u00e9rica<\/a>\n                    <\/h3>\n                                        \n\t<span class=\"price\"><span class=\"woocommerce-Price-amount amount\"><bdi>50,00&nbsp;<span class=\"woocommerce-Price-currencySymbol\">&euro;<\/span><\/bdi><\/span><\/span>\n                    <div class=\"btn-wrapper\">\n                        <div class=\"pxl-add-to-cart\">\n                            <a href=\"\/es\/wp-json\/wp\/v2\/pages\/3816?add-to-cart=5269\" data-quantity=\"1\" class=\"pxl-btn button product_type_simple add_to_cart_button ajax_add_to_cart\" data-product_id=\"5269\" data-product_sku=\"\" aria-label=\"A\u00f1adir al carrito: &ldquo;Jueves 30 de abril: Degustaci\u00f3n de embutidos de la pen\u00ednsula ib\u00e9rica&rdquo;\" rel=\"nofollow\" data-success_message=\"\u00abJueves 30 de abril: Degustaci\u00f3n de embutidos de la pen\u00ednsula ib\u00e9rica\u00bb se ha a\u00f1adido a tu carrito\" role=\"button\"><span class=\"pxl-btn-text\">A\u00f1adir al carrito<\/span><span class=\"pxl-icon pxli pxli-shopping-cart-plus\"><\/span><\/a>\t<span id=\"woocommerce_loop_add_to_cart_link_describedby_5269\" class=\"screen-reader-text\">\n\t\t\t<\/span>\n                        <\/div>\n                    <\/div>\n                <\/div>\n            <\/div>\n        <\/div>\n        <div class=\"pxl-products-content-list-view d-none\">\n            \n\t<span class=\"price\"><span class=\"woocommerce-Price-amount amount\"><bdi>50,00&nbsp;<span class=\"woocommerce-Price-currencySymbol\">&euro;<\/span><\/bdi><\/span><\/span>\n                        <h3 class=\"pxl-product-title\">\n                <a href=\"https:\/\/www.olimpicmataro.com\/es\/producte\/jueves-30-de-abril-degustacion-de-embutidos-de-la-peninsula-iberica\/\" >Jueves 30 de abril: Degustaci\u00f3n de embutidos de la pen\u00ednsula ib\u00e9rica<\/a>\n            <\/h3>\n                        <div class=\"list-view-rating\">\n                                            <\/div>\n            <div class=\"pxl-loop-product-excerpt\">\n                <p><strong>Fecha: Jueves 30 de abril<br \/>\nHora: 20:30h<\/strong><\/p>\n<p>Probaremos una selecci\u00f3n de embutidos conocidos y no tan conocidos con maridaje.<\/p>\n            <\/div>\n            <a href=\"\/es\/wp-json\/wp\/v2\/pages\/3816?add-to-cart=5269\" data-quantity=\"1\" class=\"pxl-btn button product_type_simple add_to_cart_button ajax_add_to_cart\" data-product_id=\"5269\" data-product_sku=\"\" aria-label=\"A\u00f1adir al carrito: &ldquo;Jueves 30 de abril: Degustaci\u00f3n de embutidos de la pen\u00ednsula ib\u00e9rica&rdquo;\" rel=\"nofollow\" data-success_message=\"\u00abJueves 30 de abril: Degustaci\u00f3n de embutidos de la pen\u00ednsula ib\u00e9rica\u00bb se ha a\u00f1adido a tu carrito\" role=\"button\"><span class=\"pxl-btn-text\">A\u00f1adir al carrito<\/span><span class=\"pxl-icon pxli pxli-shopping-cart-plus\"><\/span><\/a>\t<span id=\"woocommerce_loop_add_to_cart_link_describedby_5269\" class=\"screen-reader-text\">\n\t\t\t<\/span>\n        <\/div>\n    <\/div>\n    <\/a><\/div><div class=\"grid-item product type-product post-5254 status-publish outofstock product_cat-eventos has-post-thumbnail shipping-taxable purchasable product-type-simple\">\n    <div class=\"pxl-shop-item-wrap\">\n        <div class=\"pxl-products-thumb relative\">\n            <div class=\"image-wrap \">\n                <img decoding=\"async\" width=\"300\" height=\"300\" src=\"https:\/\/www.olimpicmataro.com\/wp-content\/uploads\/2026\/04\/tast_1204-300x300.webp\" class=\"attachment-woocommerce_thumbnail size-woocommerce_thumbnail\" alt=\"Domingo 12 de abril: Cata de vermuts\" srcset=\"https:\/\/www.olimpicmataro.com\/wp-content\/uploads\/2026\/04\/tast_1204-300x300.webp 300w, https:\/\/www.olimpicmataro.com\/wp-content\/uploads\/2026\/04\/tast_1204-150x150.webp 150w, https:\/\/www.olimpicmataro.com\/wp-content\/uploads\/2026\/04\/tast_1204-100x100.webp 100w\" sizes=\"(max-width: 300px) 100vw, 300px\" loading=\"eager\" \/>                            <\/div>\n            <div class=\"hot-sale\">\n                            <\/div>\n        <\/div>\n        <div class=\"pxl-products-content\">\n            <div class=\"pxl-products-content-wrap\">\n                <div class=\"pxl-products-content-inner\">\n                    <span class=\"badge-out-of-stock\">Sin plazas<\/span>                    <h3 class=\"pxl-product-title\">\n                        <a href=\"https:\/\/www.olimpicmataro.com\/es\/producte\/domingo-12-de-abril-cata-de-vermuts\/\" title=\"Domingo 12 de abril: Cata de vermuts\">Domingo 12 de abril: Cata de vermuts<\/a>\n                    <\/h3>\n                                        \n\t<span class=\"price\"><span class=\"woocommerce-Price-amount amount\"><bdi>40,00&nbsp;<span class=\"woocommerce-Price-currencySymbol\">&euro;<\/span><\/bdi><\/span><\/span>\n                    <div class=\"btn-wrapper\">\n                        <div class=\"pxl-add-to-cart\">\n                            <a href=\"https:\/\/www.olimpicmataro.com\/es\/producte\/domingo-12-de-abril-cata-de-vermuts\/\" data-quantity=\"1\" class=\"pxl-btn button product_type_simple\" data-product_id=\"5254\" data-product_sku=\"\" aria-label=\"Lee m\u00e1s sobre &ldquo;Domingo 12 de abril: Cata de vermuts&rdquo;\" rel=\"nofollow\" data-success_message=\"\"><span class=\"pxl-btn-text\">A\u00f1adir al carrito<\/span><span class=\"pxl-icon pxli pxli-shopping-cart-plus\"><\/span><\/a>\t<span id=\"woocommerce_loop_add_to_cart_link_describedby_5254\" class=\"screen-reader-text\">\n\t\t\t<\/span>\n                        <\/div>\n                    <\/div>\n                <\/div>\n            <\/div>\n        <\/div>\n        <div class=\"pxl-products-content-list-view d-none\">\n            \n\t<span class=\"price\"><span class=\"woocommerce-Price-amount amount\"><bdi>40,00&nbsp;<span class=\"woocommerce-Price-currencySymbol\">&euro;<\/span><\/bdi><\/span><\/span>\n            <span class=\"badge-out-of-stock\">Sin plazas<\/span>            <h3 class=\"pxl-product-title\">\n                <a href=\"https:\/\/www.olimpicmataro.com\/es\/producte\/domingo-12-de-abril-cata-de-vermuts\/\" >Domingo 12 de abril: Cata de vermuts<\/a>\n            <\/h3>\n                        <div class=\"list-view-rating\">\n                                            <\/div>\n            <div class=\"pxl-loop-product-excerpt\">\n                <p><strong>Fecha: Domingo 12 de abril<br \/>\nHora: 12:00h<\/strong><\/p>\n<p>Probaremos 8 vermuts acompa\u00f1ados de una selecci\u00f3n de aperitivos cl\u00e1sicos.<\/p>\n            <\/div>\n            <a href=\"https:\/\/www.olimpicmataro.com\/es\/producte\/domingo-12-de-abril-cata-de-vermuts\/\" data-quantity=\"1\" class=\"pxl-btn button product_type_simple\" data-product_id=\"5254\" data-product_sku=\"\" aria-label=\"Lee m\u00e1s sobre &ldquo;Domingo 12 de abril: Cata de vermuts&rdquo;\" rel=\"nofollow\" data-success_message=\"\"><span class=\"pxl-btn-text\">A\u00f1adir al carrito<\/span><span class=\"pxl-icon pxli pxli-shopping-cart-plus\"><\/span><\/a>\t<span id=\"woocommerce_loop_add_to_cart_link_describedby_5254\" class=\"screen-reader-text\">\n\t\t\t<\/span>\n        <\/div>\n    <\/div>\n    <\/a><\/div><div class=\"grid-item product type-product post-5237 status-publish outofstock product_cat-eventos has-post-thumbnail shipping-taxable purchasable product-type-simple\">\n    <div class=\"pxl-shop-item-wrap\">\n        <div class=\"pxl-products-thumb relative\">\n            <div class=\"image-wrap \">\n                <img decoding=\"async\" width=\"300\" height=\"300\" src=\"https:\/\/www.olimpicmataro.com\/wp-content\/uploads\/2026\/02\/euroquision-1-300x300.webp\" class=\"attachment-woocommerce_thumbnail size-woocommerce_thumbnail\" alt=\"Jueves 26 de febrero: Euroquision 2026\" srcset=\"https:\/\/www.olimpicmataro.com\/wp-content\/uploads\/2026\/02\/euroquision-1-300x300.webp 300w, https:\/\/www.olimpicmataro.com\/wp-content\/uploads\/2026\/02\/euroquision-1-1024x1024.webp 1024w, https:\/\/www.olimpicmataro.com\/wp-content\/uploads\/2026\/02\/euroquision-1-150x150.webp 150w, https:\/\/www.olimpicmataro.com\/wp-content\/uploads\/2026\/02\/euroquision-1-768x768.webp 768w, https:\/\/www.olimpicmataro.com\/wp-content\/uploads\/2026\/02\/euroquision-1-560x560.webp 560w, https:\/\/www.olimpicmataro.com\/wp-content\/uploads\/2026\/02\/euroquision-1-600x600.webp 600w, https:\/\/www.olimpicmataro.com\/wp-content\/uploads\/2026\/02\/euroquision-1-100x100.webp 100w, https:\/\/www.olimpicmataro.com\/wp-content\/uploads\/2026\/02\/euroquision-1.webp 1200w\" sizes=\"(max-width: 300px) 100vw, 300px\" loading=\"eager\" \/>                            <\/div>\n            <div class=\"hot-sale\">\n                            <\/div>\n        <\/div>\n        <div class=\"pxl-products-content\">\n            <div class=\"pxl-products-content-wrap\">\n                <div class=\"pxl-products-content-inner\">\n                    <span class=\"badge-out-of-stock\">Sin plazas<\/span>                    <h3 class=\"pxl-product-title\">\n                        <a href=\"https:\/\/www.olimpicmataro.com\/es\/producte\/jueves-26-de-febrero-euroquision-2026\/\" title=\"Jueves 26 de febrero: Euroquision 2026\">Jueves 26 de febrero: Euroquision 2026<\/a>\n                    <\/h3>\n                                        \n\t<span class=\"price\"><span class=\"woocommerce-Price-amount amount\"><bdi>50,00&nbsp;<span class=\"woocommerce-Price-currencySymbol\">&euro;<\/span><\/bdi><\/span><\/span>\n                    <div class=\"btn-wrapper\">\n                        <div class=\"pxl-add-to-cart\">\n                            <a href=\"https:\/\/www.olimpicmataro.com\/es\/producte\/jueves-26-de-febrero-euroquision-2026\/\" data-quantity=\"1\" class=\"pxl-btn button product_type_simple\" data-product_id=\"5237\" data-product_sku=\"\" aria-label=\"Lee m\u00e1s sobre &ldquo;Jueves 26 de febrero: Euroquision 2026&rdquo;\" rel=\"nofollow\" data-success_message=\"\"><span class=\"pxl-btn-text\">A\u00f1adir al carrito<\/span><span class=\"pxl-icon pxli pxli-shopping-cart-plus\"><\/span><\/a>\t<span id=\"woocommerce_loop_add_to_cart_link_describedby_5237\" class=\"screen-reader-text\">\n\t\t\t<\/span>\n                        <\/div>\n                    <\/div>\n                <\/div>\n            <\/div>\n        <\/div>\n        <div class=\"pxl-products-content-list-view d-none\">\n            \n\t<span class=\"price\"><span class=\"woocommerce-Price-amount amount\"><bdi>50,00&nbsp;<span class=\"woocommerce-Price-currencySymbol\">&euro;<\/span><\/bdi><\/span><\/span>\n            <span class=\"badge-out-of-stock\">Sin plazas<\/span>            <h3 class=\"pxl-product-title\">\n                <a href=\"https:\/\/www.olimpicmataro.com\/es\/producte\/jueves-26-de-febrero-euroquision-2026\/\" >Jueves 26 de febrero: Euroquision 2026<\/a>\n            <\/h3>\n                        <div class=\"list-view-rating\">\n                                            <\/div>\n            <div class=\"pxl-loop-product-excerpt\">\n                <p><strong>Fecha: Jueves 26 de febrero<br \/>\nHora: 20:15h<\/strong><\/p>\n<p>Viaje por la gastronomia europea alrededor de 11 quesos seleccionados maridados con 6 vinos.<\/p>\n<p>Los puntuaremos para escoger el mejor queso de Europa.<\/p>\n            <\/div>\n            <a href=\"https:\/\/www.olimpicmataro.com\/es\/producte\/jueves-26-de-febrero-euroquision-2026\/\" data-quantity=\"1\" class=\"pxl-btn button product_type_simple\" data-product_id=\"5237\" data-product_sku=\"\" aria-label=\"Lee m\u00e1s sobre &ldquo;Jueves 26 de febrero: Euroquision 2026&rdquo;\" rel=\"nofollow\" data-success_message=\"\"><span class=\"pxl-btn-text\">A\u00f1adir al carrito<\/span><span class=\"pxl-icon pxli pxli-shopping-cart-plus\"><\/span><\/a>\t<span id=\"woocommerce_loop_add_to_cart_link_describedby_5237\" class=\"screen-reader-text\">\n\t\t\t<\/span>\n        <\/div>\n    <\/div>\n    <\/a><\/div>            <\/div>\n\n    <\/div>\t\t\t\t<\/div>\n\t\t\t\t<\/div>\n\t\t                    <\/div>\r\n        <\/div>\r\n        \t\t\t<\/div>\n\t\t<\/section>\n\t\t<div class=\"elementor-element elementor-element-9c03325 e-flex e-con-boxed e-con e-parent\" data-id=\"9c03325\" data-element_type=\"container\">\n\t\t\t\t\t\t\t<div class=\"e-con-inner\">\n\t\t\t\t\t<\/div>\n\t\t\t\t<\/div>\n\t\t\t\t<\/div>\n\t\t","protected":false},"excerpt":{"rendered":"<p>Tast de vermuts 40,00&nbsp;&euro; Afegir a la cistella 40,00&nbsp;&euro; Tast de vermuts Data: Diumenge 12 d&#8217;abril Hora: 12:00h Tastarem 8 vermuts acompanyats d&#8217;una selecci\u00f3 d&#8217;aperitius cl\u00e0ssics. Afegir a la cistella Dijous 26 de febrer: Euroquision 2026 50,00&nbsp;&euro; Afegir a la cistella 50,00&nbsp;&euro; Dijous 26 de febrer: Euroquision 2026 Data: Dijous 26 de febrer Hora: 20:15h [&hellip;]<\/p>\n","protected":false},"author":1,"featured_media":0,"parent":0,"menu_order":0,"comment_status":"closed","ping_status":"closed","template":"","meta":{"_joinchat":[],"footnotes":""},"class_list":["post-3816","page","type-page","status-publish","hentry"],"yoast_head":"<!-- This site is optimized with the Yoast SEO Premium plugin v22.8 (Yoast SEO v26.6) - https:\/\/yoast.com\/wordpress\/plugins\/seo\/ -->\n<title>Eventos - Ol\u00edmpic<\/title>\n<meta name=\"robots\" content=\"index, follow, max-snippet:-1, max-image-preview:large, max-video-preview:-1\" \/>\n<link rel=\"canonical\" href=\"https:\/\/www.olimpicmataro.com\/es\/eventos\/\" \/>\n<meta property=\"og:locale\" content=\"es_ES\" \/>\n<meta property=\"og:type\" content=\"article\" \/>\n<meta property=\"og:title\" content=\"Eventos\" \/>\n<meta property=\"og:description\" content=\"Tast de vermuts 40,00&nbsp;&euro; Afegir a la cistella 40,00&nbsp;&euro; Tast de vermuts Data: Diumenge 12 d&#8217;abril Hora: 12:00h Tastarem 8 vermuts acompanyats d&#8217;una selecci\u00f3 d&#8217;aperitius cl\u00e0ssics. Afegir a la cistella Dijous 26 de febrer: Euroquision 2026 50,00&nbsp;&euro; Afegir a la cistella 50,00&nbsp;&euro; Dijous 26 de febrer: Euroquision 2026 Data: Dijous 26 de febrer Hora: 20:15h [&hellip;]\" \/>\n<meta property=\"og:url\" content=\"https:\/\/www.olimpicmataro.com\/es\/eventos\/\" \/>\n<meta property=\"og:site_name\" content=\"Ol\u00edmpic\" \/>\n<meta property=\"article:publisher\" content=\"https:\/\/www.facebook.com\/profile.php?id=61552513461920\" \/>\n<meta property=\"article:modified_time\" content=\"2026-04-07T06:36:54+00:00\" \/>\n<meta property=\"og:image\" content=\"https:\/\/www.olimpicmataro.com\/wp-content\/uploads\/2026\/04\/tast_1204-300x300.webp\" \/>\n<meta name=\"twitter:card\" content=\"summary_large_image\" \/>\n<meta name=\"twitter:label1\" content=\"Tiempo de lectura\" \/>\n\t<meta name=\"twitter:data1\" content=\"2 minutos\" \/>\n<script type=\"application\/ld+json\" class=\"yoast-schema-graph\">{\"@context\":\"https:\/\/schema.org\",\"@graph\":[{\"@type\":\"WebPage\",\"@id\":\"https:\/\/www.olimpicmataro.com\/es\/eventos\/\",\"url\":\"https:\/\/www.olimpicmataro.com\/es\/eventos\/\",\"name\":\"Eventos - Ol\u00edmpic\",\"isPartOf\":{\"@id\":\"https:\/\/www.olimpicmataro.com\/es\/#website\"},\"primaryImageOfPage\":{\"@id\":\"https:\/\/www.olimpicmataro.com\/es\/eventos\/#primaryimage\"},\"image\":{\"@id\":\"https:\/\/www.olimpicmataro.com\/es\/eventos\/#primaryimage\"},\"thumbnailUrl\":\"https:\/\/www.olimpicmataro.com\/wp-content\/uploads\/2026\/04\/tast_1204-300x300.webp\",\"datePublished\":\"2024-10-08T05:33:32+00:00\",\"dateModified\":\"2026-04-07T06:36:54+00:00\",\"breadcrumb\":{\"@id\":\"https:\/\/www.olimpicmataro.com\/es\/eventos\/#breadcrumb\"},\"inLanguage\":\"es\",\"potentialAction\":[{\"@type\":\"ReadAction\",\"target\":[\"https:\/\/www.olimpicmataro.com\/es\/eventos\/\"]}]},{\"@type\":\"ImageObject\",\"inLanguage\":\"es\",\"@id\":\"https:\/\/www.olimpicmataro.com\/es\/eventos\/#primaryimage\",\"url\":\"https:\/\/www.olimpicmataro.com\/wp-content\/uploads\/2026\/04\/tast_1204-300x300.webp\",\"contentUrl\":\"https:\/\/www.olimpicmataro.com\/wp-content\/uploads\/2026\/04\/tast_1204-300x300.webp\"},{\"@type\":\"BreadcrumbList\",\"@id\":\"https:\/\/www.olimpicmataro.com\/es\/eventos\/#breadcrumb\",\"itemListElement\":[{\"@type\":\"ListItem\",\"position\":1,\"name\":\"Portada\",\"item\":\"https:\/\/www.olimpicmataro.com\/es\/\"},{\"@type\":\"ListItem\",\"position\":2,\"name\":\"Eventos\"}]},{\"@type\":\"WebSite\",\"@id\":\"https:\/\/www.olimpicmataro.com\/es\/#website\",\"url\":\"https:\/\/www.olimpicmataro.com\/es\/\",\"name\":\"Olimpic\",\"description\":\"Vermuts i plats per compartir\",\"publisher\":{\"@id\":\"https:\/\/www.olimpicmataro.com\/es\/#organization\"},\"potentialAction\":[{\"@type\":\"SearchAction\",\"target\":{\"@type\":\"EntryPoint\",\"urlTemplate\":\"https:\/\/www.olimpicmataro.com\/es\/?s={search_term_string}\"},\"query-input\":{\"@type\":\"PropertyValueSpecification\",\"valueRequired\":true,\"valueName\":\"search_term_string\"}}],\"inLanguage\":\"es\"},{\"@type\":\"Organization\",\"@id\":\"https:\/\/www.olimpicmataro.com\/es\/#organization\",\"name\":\"Olimpic\",\"url\":\"https:\/\/www.olimpicmataro.com\/es\/\",\"logo\":{\"@type\":\"ImageObject\",\"inLanguage\":\"es\",\"@id\":\"https:\/\/www.olimpicmataro.com\/es\/#\/schema\/logo\/image\/\",\"url\":\"https:\/\/www.olimpicmataro.com\/wp-content\/uploads\/2024\/10\/logoBig.png\",\"contentUrl\":\"https:\/\/www.olimpicmataro.com\/wp-content\/uploads\/2024\/10\/logoBig.png\",\"width\":662,\"height\":154,\"caption\":\"Olimpic\"},\"image\":{\"@id\":\"https:\/\/www.olimpicmataro.com\/es\/#\/schema\/logo\/image\/\"},\"sameAs\":[\"https:\/\/www.facebook.com\/profile.php?id=61552513461920\",\"https:\/\/www.instagram.com\/olimpic_vermut\"]}]}<\/script>\n<!-- \/ Yoast SEO Premium plugin. -->","yoast_head_json":{"title":"Eventos - Ol\u00edmpic","robots":{"index":"index","follow":"follow","max-snippet":"max-snippet:-1","max-image-preview":"max-image-preview:large","max-video-preview":"max-video-preview:-1"},"canonical":"https:\/\/www.olimpicmataro.com\/es\/eventos\/","og_locale":"es_ES","og_type":"article","og_title":"Eventos","og_description":"Tast de vermuts 40,00&nbsp;&euro; Afegir a la cistella 40,00&nbsp;&euro; Tast de vermuts Data: Diumenge 12 d&#8217;abril Hora: 12:00h Tastarem 8 vermuts acompanyats d&#8217;una selecci\u00f3 d&#8217;aperitius cl\u00e0ssics. Afegir a la cistella Dijous 26 de febrer: Euroquision 2026 50,00&nbsp;&euro; Afegir a la cistella 50,00&nbsp;&euro; Dijous 26 de febrer: Euroquision 2026 Data: Dijous 26 de febrer Hora: 20:15h [&hellip;]","og_url":"https:\/\/www.olimpicmataro.com\/es\/eventos\/","og_site_name":"Ol\u00edmpic","article_publisher":"https:\/\/www.facebook.com\/profile.php?id=61552513461920","article_modified_time":"2026-04-07T06:36:54+00:00","og_image":[{"url":"https:\/\/www.olimpicmataro.com\/wp-content\/uploads\/2026\/04\/tast_1204-300x300.webp","type":"","width":"","height":""}],"twitter_card":"summary_large_image","twitter_misc":{"Tiempo de lectura":"2 minutos"},"schema":{"@context":"https:\/\/schema.org","@graph":[{"@type":"WebPage","@id":"https:\/\/www.olimpicmataro.com\/es\/eventos\/","url":"https:\/\/www.olimpicmataro.com\/es\/eventos\/","name":"Eventos - Ol\u00edmpic","isPartOf":{"@id":"https:\/\/www.olimpicmataro.com\/es\/#website"},"primaryImageOfPage":{"@id":"https:\/\/www.olimpicmataro.com\/es\/eventos\/#primaryimage"},"image":{"@id":"https:\/\/www.olimpicmataro.com\/es\/eventos\/#primaryimage"},"thumbnailUrl":"https:\/\/www.olimpicmataro.com\/wp-content\/uploads\/2026\/04\/tast_1204-300x300.webp","datePublished":"2024-10-08T05:33:32+00:00","dateModified":"2026-04-07T06:36:54+00:00","breadcrumb":{"@id":"https:\/\/www.olimpicmataro.com\/es\/eventos\/#breadcrumb"},"inLanguage":"es","potentialAction":[{"@type":"ReadAction","target":["https:\/\/www.olimpicmataro.com\/es\/eventos\/"]}]},{"@type":"ImageObject","inLanguage":"es","@id":"https:\/\/www.olimpicmataro.com\/es\/eventos\/#primaryimage","url":"https:\/\/www.olimpicmataro.com\/wp-content\/uploads\/2026\/04\/tast_1204-300x300.webp","contentUrl":"https:\/\/www.olimpicmataro.com\/wp-content\/uploads\/2026\/04\/tast_1204-300x300.webp"},{"@type":"BreadcrumbList","@id":"https:\/\/www.olimpicmataro.com\/es\/eventos\/#breadcrumb","itemListElement":[{"@type":"ListItem","position":1,"name":"Portada","item":"https:\/\/www.olimpicmataro.com\/es\/"},{"@type":"ListItem","position":2,"name":"Eventos"}]},{"@type":"WebSite","@id":"https:\/\/www.olimpicmataro.com\/es\/#website","url":"https:\/\/www.olimpicmataro.com\/es\/","name":"Olimpic","description":"Vermuts i plats per compartir","publisher":{"@id":"https:\/\/www.olimpicmataro.com\/es\/#organization"},"potentialAction":[{"@type":"SearchAction","target":{"@type":"EntryPoint","urlTemplate":"https:\/\/www.olimpicmataro.com\/es\/?s={search_term_string}"},"query-input":{"@type":"PropertyValueSpecification","valueRequired":true,"valueName":"search_term_string"}}],"inLanguage":"es"},{"@type":"Organization","@id":"https:\/\/www.olimpicmataro.com\/es\/#organization","name":"Olimpic","url":"https:\/\/www.olimpicmataro.com\/es\/","logo":{"@type":"ImageObject","inLanguage":"es","@id":"https:\/\/www.olimpicmataro.com\/es\/#\/schema\/logo\/image\/","url":"https:\/\/www.olimpicmataro.com\/wp-content\/uploads\/2024\/10\/logoBig.png","contentUrl":"https:\/\/www.olimpicmataro.com\/wp-content\/uploads\/2024\/10\/logoBig.png","width":662,"height":154,"caption":"Olimpic"},"image":{"@id":"https:\/\/www.olimpicmataro.com\/es\/#\/schema\/logo\/image\/"},"sameAs":["https:\/\/www.facebook.com\/profile.php?id=61552513461920","https:\/\/www.instagram.com\/olimpic_vermut"]}]}},"_links":{"self":[{"href":"https:\/\/www.olimpicmataro.com\/es\/wp-json\/wp\/v2\/pages\/3816","targetHints":{"allow":["GET"]}}],"collection":[{"href":"https:\/\/www.olimpicmataro.com\/es\/wp-json\/wp\/v2\/pages"}],"about":[{"href":"https:\/\/www.olimpicmataro.com\/es\/wp-json\/wp\/v2\/types\/page"}],"author":[{"embeddable":true,"href":"https:\/\/www.olimpicmataro.com\/es\/wp-json\/wp\/v2\/users\/1"}],"replies":[{"embeddable":true,"href":"https:\/\/www.olimpicmataro.com\/es\/wp-json\/wp\/v2\/comments?post=3816"}],"version-history":[{"count":17,"href":"https:\/\/www.olimpicmataro.com\/es\/wp-json\/wp\/v2\/pages\/3816\/revisions"}],"predecessor-version":[{"id":5263,"href":"https:\/\/www.olimpicmataro.com\/es\/wp-json\/wp\/v2\/pages\/3816\/revisions\/5263"}],"wp:attachment":[{"href":"https:\/\/www.olimpicmataro.com\/es\/wp-json\/wp\/v2\/media?parent=3816"}],"curies":[{"name":"wp","href":"https:\/\/api.w.org\/{rel}","templated":true}]}}