{"id":3818,"date":"2025-06-11T13:42:26","date_gmt":"2025-06-11T11:42:26","guid":{"rendered":"https:\/\/www.olimpicmataro.com\/catering\/"},"modified":"2025-11-15T16:50:05","modified_gmt":"2025-11-15T15:50:05","slug":"catering","status":"publish","type":"page","link":"https:\/\/www.olimpicmataro.com\/es\/catering\/","title":{"rendered":"Catering"},"content":{"rendered":"\t\t<div data-elementor-type=\"wp-page\" data-elementor-id=\"3818\" class=\"elementor elementor-3818 elementor-3636\">\n\t\t\t\t<div class=\"elementor-element elementor-element-e8dce92 e-flex e-con-boxed e-con e-parent\" data-id=\"e8dce92\" data-element_type=\"container\">\n\t\t\t\t\t\t\t<div class=\"e-con-inner\">\n\t\t\t\t<div class=\"elementor-element elementor-element-027849e elementor-widget__width-auto elementor-widget elementor-widget-heading\" data-id=\"027849e\" data-element_type=\"widget\" data-widget_type=\"heading.default\">\n\t\t\t\t<div class=\"elementor-widget-container\">\n\t\t\t\t\t<h2 class=\"elementor-heading-title elementor-size-default\">\u00bfTienes un evento?<\/h2>\t\t\t\t<\/div>\n\t\t\t\t<\/div>\n\t\t\t\t<div class=\"elementor-element elementor-element-1018ad0 elementor-widget__width-auto elementor-widget elementor-widget-text-editor\" data-id=\"1018ad0\" data-element_type=\"widget\" data-widget_type=\"text-editor.default\">\n\t\t\t\t<div class=\"elementor-widget-container\">\n\t\t\t\t\t\t\t\t\t<p>Ponte en contacto con nosotros y dise\u00f1aremos un catering a tu medida.<br \/>Ll\u00e1manos al <a href=\"tel:747432896\">747432896 <\/a>o env\u00edanos un correo a <a href=\"mailto:catering@olimpicmataro.com\">catering@olimpicmataro.com<\/a><\/p>\n\t\t\t\t\t\t\t\t<\/div>\n\t\t\t\t<\/div>\n\t\t\t\t\t<\/div>\n\t\t\t\t<\/div>\n\t\t\t\t<\/div>\n\t\t","protected":false},"excerpt":{"rendered":"<p>\u00bfTienes un evento? Ponte en contacto con nosotros y dise\u00f1aremos un catering a tu medida.Ll\u00e1manos al 747432896 o env\u00edanos un correo a catering@olimpicmataro.com<\/p>\n","protected":false},"author":1,"featured_media":0,"parent":0,"menu_order":0,"comment_status":"closed","ping_status":"closed","template":"","meta":{"_joinchat":[],"footnotes":""},"class_list":["post-3818","page","type-page","status-publish","hentry"],"yoast_head":"<!-- This site is optimized with the Yoast SEO Premium plugin v22.8 (Yoast SEO v26.6) - https:\/\/yoast.com\/wordpress\/plugins\/seo\/ -->\n<title>Catering - Ol\u00edmpic<\/title>\n<meta name=\"robots\" content=\"index, follow, max-snippet:-1, max-image-preview:large, max-video-preview:-1\" \/>\n<link rel=\"canonical\" href=\"https:\/\/www.olimpicmataro.com\/es\/catering\/\" \/>\n<meta property=\"og:locale\" content=\"es_ES\" \/>\n<meta property=\"og:type\" content=\"article\" \/>\n<meta property=\"og:title\" content=\"Catering\" \/>\n<meta property=\"og:description\" content=\"\u00bfTienes un evento? Ponte en contacto con nosotros y dise\u00f1aremos un catering a tu medida.Ll\u00e1manos al 747432896 o env\u00edanos un correo a catering@olimpicmataro.com\" \/>\n<meta property=\"og:url\" content=\"https:\/\/www.olimpicmataro.com\/es\/catering\/\" \/>\n<meta property=\"og:site_name\" content=\"Ol\u00edmpic\" \/>\n<meta property=\"article:publisher\" content=\"https:\/\/www.facebook.com\/profile.php?id=61552513461920\" \/>\n<meta property=\"article:modified_time\" content=\"2025-11-15T15:50:05+00:00\" \/>\n<meta name=\"twitter:card\" content=\"summary_large_image\" \/>\n<meta name=\"twitter:label1\" content=\"Tiempo de lectura\" \/>\n\t<meta name=\"twitter:data1\" content=\"1 minuto\" \/>\n<script type=\"application\/ld+json\" class=\"yoast-schema-graph\">{\"@context\":\"https:\/\/schema.org\",\"@graph\":[{\"@type\":\"WebPage\",\"@id\":\"https:\/\/www.olimpicmataro.com\/es\/catering\/\",\"url\":\"https:\/\/www.olimpicmataro.com\/es\/catering\/\",\"name\":\"Catering - Ol\u00edmpic\",\"isPartOf\":{\"@id\":\"https:\/\/www.olimpicmataro.com\/es\/#website\"},\"datePublished\":\"2025-06-11T11:42:26+00:00\",\"dateModified\":\"2025-11-15T15:50:05+00:00\",\"breadcrumb\":{\"@id\":\"https:\/\/www.olimpicmataro.com\/es\/catering\/#breadcrumb\"},\"inLanguage\":\"es\",\"potentialAction\":[{\"@type\":\"ReadAction\",\"target\":[\"https:\/\/www.olimpicmataro.com\/es\/catering\/\"]}]},{\"@type\":\"BreadcrumbList\",\"@id\":\"https:\/\/www.olimpicmataro.com\/es\/catering\/#breadcrumb\",\"itemListElement\":[{\"@type\":\"ListItem\",\"position\":1,\"name\":\"Portada\",\"item\":\"https:\/\/www.olimpicmataro.com\/es\/\"},{\"@type\":\"ListItem\",\"position\":2,\"name\":\"Catering\"}]},{\"@type\":\"WebSite\",\"@id\":\"https:\/\/www.olimpicmataro.com\/es\/#website\",\"url\":\"https:\/\/www.olimpicmataro.com\/es\/\",\"name\":\"Olimpic\",\"description\":\"Vermuts i plats per compartir\",\"publisher\":{\"@id\":\"https:\/\/www.olimpicmataro.com\/es\/#organization\"},\"potentialAction\":[{\"@type\":\"SearchAction\",\"target\":{\"@type\":\"EntryPoint\",\"urlTemplate\":\"https:\/\/www.olimpicmataro.com\/es\/?s={search_term_string}\"},\"query-input\":{\"@type\":\"PropertyValueSpecification\",\"valueRequired\":true,\"valueName\":\"search_term_string\"}}],\"inLanguage\":\"es\"},{\"@type\":\"Organization\",\"@id\":\"https:\/\/www.olimpicmataro.com\/es\/#organization\",\"name\":\"Olimpic\",\"url\":\"https:\/\/www.olimpicmataro.com\/es\/\",\"logo\":{\"@type\":\"ImageObject\",\"inLanguage\":\"es\",\"@id\":\"https:\/\/www.olimpicmataro.com\/es\/#\/schema\/logo\/image\/\",\"url\":\"https:\/\/www.olimpicmataro.com\/wp-content\/uploads\/2024\/10\/logoBig.png\",\"contentUrl\":\"https:\/\/www.olimpicmataro.com\/wp-content\/uploads\/2024\/10\/logoBig.png\",\"width\":662,\"height\":154,\"caption\":\"Olimpic\"},\"image\":{\"@id\":\"https:\/\/www.olimpicmataro.com\/es\/#\/schema\/logo\/image\/\"},\"sameAs\":[\"https:\/\/www.facebook.com\/profile.php?id=61552513461920\",\"https:\/\/www.instagram.com\/olimpic_vermut\"]}]}<\/script>\n<!-- \/ Yoast SEO Premium plugin. -->","yoast_head_json":{"title":"Catering - Ol\u00edmpic","robots":{"index":"index","follow":"follow","max-snippet":"max-snippet:-1","max-image-preview":"max-image-preview:large","max-video-preview":"max-video-preview:-1"},"canonical":"https:\/\/www.olimpicmataro.com\/es\/catering\/","og_locale":"es_ES","og_type":"article","og_title":"Catering","og_description":"\u00bfTienes un evento? Ponte en contacto con nosotros y dise\u00f1aremos un catering a tu medida.Ll\u00e1manos al 747432896 o env\u00edanos un correo a catering@olimpicmataro.com","og_url":"https:\/\/www.olimpicmataro.com\/es\/catering\/","og_site_name":"Ol\u00edmpic","article_publisher":"https:\/\/www.facebook.com\/profile.php?id=61552513461920","article_modified_time":"2025-11-15T15:50:05+00:00","twitter_card":"summary_large_image","twitter_misc":{"Tiempo de lectura":"1 minuto"},"schema":{"@context":"https:\/\/schema.org","@graph":[{"@type":"WebPage","@id":"https:\/\/www.olimpicmataro.com\/es\/catering\/","url":"https:\/\/www.olimpicmataro.com\/es\/catering\/","name":"Catering - Ol\u00edmpic","isPartOf":{"@id":"https:\/\/www.olimpicmataro.com\/es\/#website"},"datePublished":"2025-06-11T11:42:26+00:00","dateModified":"2025-11-15T15:50:05+00:00","breadcrumb":{"@id":"https:\/\/www.olimpicmataro.com\/es\/catering\/#breadcrumb"},"inLanguage":"es","potentialAction":[{"@type":"ReadAction","target":["https:\/\/www.olimpicmataro.com\/es\/catering\/"]}]},{"@type":"BreadcrumbList","@id":"https:\/\/www.olimpicmataro.com\/es\/catering\/#breadcrumb","itemListElement":[{"@type":"ListItem","position":1,"name":"Portada","item":"https:\/\/www.olimpicmataro.com\/es\/"},{"@type":"ListItem","position":2,"name":"Catering"}]},{"@type":"WebSite","@id":"https:\/\/www.olimpicmataro.com\/es\/#website","url":"https:\/\/www.olimpicmataro.com\/es\/","name":"Olimpic","description":"Vermuts i plats per compartir","publisher":{"@id":"https:\/\/www.olimpicmataro.com\/es\/#organization"},"potentialAction":[{"@type":"SearchAction","target":{"@type":"EntryPoint","urlTemplate":"https:\/\/www.olimpicmataro.com\/es\/?s={search_term_string}"},"query-input":{"@type":"PropertyValueSpecification","valueRequired":true,"valueName":"search_term_string"}}],"inLanguage":"es"},{"@type":"Organization","@id":"https:\/\/www.olimpicmataro.com\/es\/#organization","name":"Olimpic","url":"https:\/\/www.olimpicmataro.com\/es\/","logo":{"@type":"ImageObject","inLanguage":"es","@id":"https:\/\/www.olimpicmataro.com\/es\/#\/schema\/logo\/image\/","url":"https:\/\/www.olimpicmataro.com\/wp-content\/uploads\/2024\/10\/logoBig.png","contentUrl":"https:\/\/www.olimpicmataro.com\/wp-content\/uploads\/2024\/10\/logoBig.png","width":662,"height":154,"caption":"Olimpic"},"image":{"@id":"https:\/\/www.olimpicmataro.com\/es\/#\/schema\/logo\/image\/"},"sameAs":["https:\/\/www.facebook.com\/profile.php?id=61552513461920","https:\/\/www.instagram.com\/olimpic_vermut"]}]}},"_links":{"self":[{"href":"https:\/\/www.olimpicmataro.com\/es\/wp-json\/wp\/v2\/pages\/3818","targetHints":{"allow":["GET"]}}],"collection":[{"href":"https:\/\/www.olimpicmataro.com\/es\/wp-json\/wp\/v2\/pages"}],"about":[{"href":"https:\/\/www.olimpicmataro.com\/es\/wp-json\/wp\/v2\/types\/page"}],"author":[{"embeddable":true,"href":"https:\/\/www.olimpicmataro.com\/es\/wp-json\/wp\/v2\/users\/1"}],"replies":[{"embeddable":true,"href":"https:\/\/www.olimpicmataro.com\/es\/wp-json\/wp\/v2\/comments?post=3818"}],"version-history":[{"count":6,"href":"https:\/\/www.olimpicmataro.com\/es\/wp-json\/wp\/v2\/pages\/3818\/revisions"}],"predecessor-version":[{"id":4735,"href":"https:\/\/www.olimpicmataro.com\/es\/wp-json\/wp\/v2\/pages\/3818\/revisions\/4735"}],"wp:attachment":[{"href":"https:\/\/www.olimpicmataro.com\/es\/wp-json\/wp\/v2\/media?parent=3818"}],"curies":[{"name":"wp","href":"https:\/\/api.w.org\/{rel}","templated":true}]}}