{"id":4340,"date":"2025-07-08T13:43:27","date_gmt":"2025-07-08T11:43:27","guid":{"rendered":"https:\/\/www.olimpicmataro.com\/carrito-2\/"},"modified":"2025-10-29T08:55:30","modified_gmt":"2025-10-29T07:55:30","slug":"carrito-2","status":"publish","type":"page","link":"https:\/\/www.olimpicmataro.com\/es\/carrito-2\/","title":{"rendered":"Carrito"},"content":{"rendered":"\r\n<div data-block-name=\"woocommerce\/cart\" class=\"wp-block-woocommerce-cart alignwide is-loading\">\r\n<div data-block-name=\"woocommerce\/filled-cart-block\" class=\"wp-block-woocommerce-filled-cart-block\">\r\n<div data-block-name=\"woocommerce\/cart-items-block\" class=\"wp-block-woocommerce-cart-items-block\">\r\n<div data-block-name=\"woocommerce\/cart-line-items-block\" data-translated-with-w-p-m-l-t-m=\"1\" class=\"wp-block-woocommerce-cart-line-items-block\"> <\/div>\r\n\r\n\r\n\r\n<div data-block-name=\"woocommerce\/cart-cross-sells-block\" class=\"wp-block-woocommerce-cart-cross-sells-block\">&#013;\n<h2 class=\"wp-block-heading has-large-font-size\">Te puede interesar&#8230;<\/h2>&#013;\n\r\n\r\n\r\n<div data-block-name=\"woocommerce\/cart-cross-sells-products-block\" data-translated-with-w-p-m-l-t-m=\"1\" class=\"wp-block-woocommerce-cart-cross-sells-products-block\"> <\/div>\r\n<\/div>\r\n<\/div>\r\n\r\n\r\n\r\n<div data-block-name=\"woocommerce\/cart-totals-block\" class=\"wp-block-woocommerce-cart-totals-block\">\r\n<div data-block-name=\"woocommerce\/cart-order-summary-block\" class=\"wp-block-woocommerce-cart-order-summary-block\">\r\n<div data-block-name=\"woocommerce\/cart-order-summary-heading-block\" class=\"wp-block-woocommerce-cart-order-summary-heading-block\">\u00a0<\/div>\r\n\r\n\r\n\r\n<div data-block-name=\"woocommerce\/cart-order-summary-coupon-form-block\" data-translated-with-w-p-m-l-t-m=\"1\" class=\"wp-block-woocommerce-cart-order-summary-coupon-form-block\"> <\/div>\r\n\r\n\r\n\r\n\r\n\r\n\r\n\r\n\r\n\r\n\r\n\r\n\r\n\r\n\r\n\r\n\r\n\r\n\r\n\r\n<div data-block-name=\"woocommerce\/cart-order-summary-totals-block\" class=\"wp-block-woocommerce-cart-order-summary-totals-block\">\n<div data-block-name=\"woocommerce\/cart-order-summary-subtotal-block\" data-translated-with-w-p-m-l-t-m=\"1\" class=\"wp-block-woocommerce-cart-order-summary-subtotal-block\"> <\/div>\n<div data-block-name=\"woocommerce\/cart-order-summary-discount-block\" data-translated-with-w-p-m-l-t-m=\"1\" class=\"wp-block-woocommerce-cart-order-summary-discount-block\"> <\/div>\n<div data-block-name=\"woocommerce\/cart-order-summary-fee-block\" data-translated-with-w-p-m-l-t-m=\"1\" class=\"wp-block-woocommerce-cart-order-summary-fee-block\"> <\/div>\n<div data-block-name=\"woocommerce\/cart-order-summary-shipping-block\" data-translated-with-w-p-m-l-t-m=\"1\" class=\"wp-block-woocommerce-cart-order-summary-shipping-block\"> <\/div>\n<div data-block-name=\"woocommerce\/cart-order-summary-taxes-block\" data-translated-with-w-p-m-l-t-m=\"1\" class=\"wp-block-woocommerce-cart-order-summary-taxes-block\"> <\/div><\/div>\r\n<\/div>\r\n\r\n\r\n\r\n<div data-block-name=\"woocommerce\/cart-express-payment-block\" data-translated-with-w-p-m-l-t-m=\"1\" class=\"wp-block-woocommerce-cart-express-payment-block\"> <\/div>\r\n\r\n\r\n\r\n<div data-block-name=\"woocommerce\/proceed-to-checkout-block\" class=\"wp-block-woocommerce-proceed-to-checkout-block\">\u00a0<\/div>\r\n\r\n\r\n\r\n<div data-block-name=\"woocommerce\/cart-accepted-payment-methods-block\" data-translated-with-w-p-m-l-t-m=\"1\" class=\"wp-block-woocommerce-cart-accepted-payment-methods-block\"> <\/div>\r\n<\/div>\r\n<\/div>\r\n\r\n\r\n\r\n<div data-block-name=\"woocommerce\/empty-cart-block\" class=\"wp-block-woocommerce-empty-cart-block\">&#013;\n<h2 class=\"wp-block-heading has-text-align-center with-empty-cart-icon wc-block-cart__empty-cart__title\">La cesta esta vac\u00eda actualmente<\/h2>&#013;\n\r\n\r\n<hr class=\"wp-block-separator has-alpha-channel-opacity is-style-dots\" \/>\r\n\r\n&#013;\n<h2 class=\"wp-block-heading has-text-align-center\">Nuevo en la tienda<\/h2>&#013;\n\r\n\r\n<div data-block-name=\"woocommerce\/product-new\" data-columns=\"4\" data-rows=\"1\" class=\"wc-block-grid wp-block-product-new wp-block-woocommerce-product-new wc-block-product-new has-4-columns\"><ul class=\"wc-block-grid__products\"><li class=\"wc-block-grid__product\">\n\t\t\t\t<a href=\"https:\/\/www.olimpicmataro.com\/es\/producte\/jueves-30-de-abril-degustacion-de-embutidos-de-la-peninsula-iberica\/\" class=\"wc-block-grid__product-link\">\n\t\t\t\t\t\n\t\t\t\t\t<div class=\"wc-block-grid__product-image\"><img fetchpriority=\"high\" decoding=\"async\" width=\"300\" height=\"300\" src=\"https:\/\/www.olimpicmataro.com\/wp-content\/uploads\/2026\/04\/emb-300x300.webp\" class=\"attachment-woocommerce_thumbnail size-woocommerce_thumbnail\" alt=\"Jueves 30 de abril: Degustaci\u00f3n de embutidos de la pen\u00ednsula ib\u00e9rica\" srcset=\"https:\/\/www.olimpicmataro.com\/wp-content\/uploads\/2026\/04\/emb-300x300.webp 300w, https:\/\/www.olimpicmataro.com\/wp-content\/uploads\/2026\/04\/emb-150x150.webp 150w, https:\/\/www.olimpicmataro.com\/wp-content\/uploads\/2026\/04\/emb-100x100.webp 100w\" sizes=\"(max-width: 300px) 100vw, 300px\" loading=\"eager\" \/><\/div>\n\t\t\t\t\t<div class=\"wc-block-grid__product-title\">Jueves 30 de abril: Degustaci\u00f3n de embutidos de la pen\u00ednsula ib\u00e9rica<\/div>\n\t\t\t\t<\/a>\n\t\t\t\t<div class=\"wc-block-grid__product-price price\"><span class=\"woocommerce-Price-amount amount\">50,00&nbsp;<span class=\"woocommerce-Price-currencySymbol\">&euro;<\/span><\/span><\/div>\n\t\t\t\t\n\t\t\t\t<div class=\"wp-block-button wc-block-grid__product-add-to-cart\"><a href=\"\/es\/wp-json\/wp\/v2\/pages\/4340?add-to-cart=5269\" aria-label=\"A\u00f1adir al carrito: &ldquo;Jueves 30 de abril: Degustaci\u00f3n de embutidos de la pen\u00ednsula ib\u00e9rica&rdquo;\" data-quantity=\"1\" data-product_id=\"5269\" data-product_sku=\"\" data-price=\"50\" rel=\"nofollow\" class=\"wp-block-button__link  add_to_cart_button ajax_add_to_cart\">A\u00f1adir al carrito<\/a><\/div>\n\t\t\t<\/li><li class=\"wc-block-grid__product\">\n\t\t\t\t<a href=\"https:\/\/www.olimpicmataro.com\/es\/producte\/domingo-12-de-abril-cata-de-vermuts\/\" class=\"wc-block-grid__product-link\">\n\t\t\t\t\t\n\t\t\t\t\t<div class=\"wc-block-grid__product-image\"><img decoding=\"async\" width=\"300\" height=\"300\" src=\"https:\/\/www.olimpicmataro.com\/wp-content\/uploads\/2026\/04\/tast_1204-300x300.webp\" class=\"attachment-woocommerce_thumbnail size-woocommerce_thumbnail\" alt=\"Domingo 12 de abril: Cata de vermuts\" srcset=\"https:\/\/www.olimpicmataro.com\/wp-content\/uploads\/2026\/04\/tast_1204-300x300.webp 300w, https:\/\/www.olimpicmataro.com\/wp-content\/uploads\/2026\/04\/tast_1204-150x150.webp 150w, https:\/\/www.olimpicmataro.com\/wp-content\/uploads\/2026\/04\/tast_1204-100x100.webp 100w\" sizes=\"(max-width: 300px) 100vw, 300px\" loading=\"eager\" \/><\/div>\n\t\t\t\t\t<div class=\"wc-block-grid__product-title\">Domingo 12 de abril: Cata de vermuts<\/div>\n\t\t\t\t<\/a>\n\t\t\t\t<div class=\"wc-block-grid__product-price price\"><span class=\"woocommerce-Price-amount amount\">40,00&nbsp;<span class=\"woocommerce-Price-currencySymbol\">&euro;<\/span><\/span><\/div>\n\t\t\t\t\n\t\t\t\t<div class=\"wp-block-button wc-block-grid__product-add-to-cart\"><a href=\"https:\/\/www.olimpicmataro.com\/es\/producte\/domingo-12-de-abril-cata-de-vermuts\/\" aria-label=\"Lee m\u00e1s sobre &ldquo;Domingo 12 de abril: Cata de vermuts&rdquo;\" data-quantity=\"1\" data-product_id=\"5254\" data-product_sku=\"\" data-price=\"40\" rel=\"nofollow\" class=\"wp-block-button__link  add_to_cart_button\">A\u00f1adir al carrito<\/a><\/div>\n\t\t\t<\/li><li class=\"wc-block-grid__product\">\n\t\t\t\t<a href=\"https:\/\/www.olimpicmataro.com\/es\/producte\/jueves-26-de-febrero-euroquision-2026\/\" class=\"wc-block-grid__product-link\">\n\t\t\t\t\t\n\t\t\t\t\t<div class=\"wc-block-grid__product-image\"><img decoding=\"async\" width=\"300\" height=\"300\" src=\"https:\/\/www.olimpicmataro.com\/wp-content\/uploads\/2026\/02\/euroquision-1-300x300.webp\" class=\"attachment-woocommerce_thumbnail size-woocommerce_thumbnail\" alt=\"Jueves 26 de febrero: Euroquision 2026\" srcset=\"https:\/\/www.olimpicmataro.com\/wp-content\/uploads\/2026\/02\/euroquision-1-300x300.webp 300w, https:\/\/www.olimpicmataro.com\/wp-content\/uploads\/2026\/02\/euroquision-1-1024x1024.webp 1024w, https:\/\/www.olimpicmataro.com\/wp-content\/uploads\/2026\/02\/euroquision-1-150x150.webp 150w, https:\/\/www.olimpicmataro.com\/wp-content\/uploads\/2026\/02\/euroquision-1-768x768.webp 768w, https:\/\/www.olimpicmataro.com\/wp-content\/uploads\/2026\/02\/euroquision-1-560x560.webp 560w, https:\/\/www.olimpicmataro.com\/wp-content\/uploads\/2026\/02\/euroquision-1-600x600.webp 600w, https:\/\/www.olimpicmataro.com\/wp-content\/uploads\/2026\/02\/euroquision-1-100x100.webp 100w, https:\/\/www.olimpicmataro.com\/wp-content\/uploads\/2026\/02\/euroquision-1.webp 1200w\" sizes=\"(max-width: 300px) 100vw, 300px\" loading=\"eager\" \/><\/div>\n\t\t\t\t\t<div class=\"wc-block-grid__product-title\">Jueves 26 de febrero: Euroquision 2026<\/div>\n\t\t\t\t<\/a>\n\t\t\t\t<div class=\"wc-block-grid__product-price price\"><span class=\"woocommerce-Price-amount amount\">50,00&nbsp;<span class=\"woocommerce-Price-currencySymbol\">&euro;<\/span><\/span><\/div>\n\t\t\t\t\n\t\t\t\t<div class=\"wp-block-button wc-block-grid__product-add-to-cart\"><a href=\"https:\/\/www.olimpicmataro.com\/es\/producte\/jueves-26-de-febrero-euroquision-2026\/\" aria-label=\"Lee m\u00e1s sobre &ldquo;Jueves 26 de febrero: Euroquision 2026&rdquo;\" data-quantity=\"1\" data-product_id=\"5237\" data-product_sku=\"\" data-price=\"50\" rel=\"nofollow\" class=\"wp-block-button__link  add_to_cart_button\">A\u00f1adir al carrito<\/a><\/div>\n\t\t\t<\/li><li class=\"wc-block-grid__product\">\n\t\t\t\t<a href=\"https:\/\/www.olimpicmataro.com\/es\/producte\/paga-y-senal-copia\/\" class=\"wc-block-grid__product-link\">\n\t\t\t\t\t\n\t\t\t\t\t<div class=\"wc-block-grid__product-image\"><img decoding=\"async\" width=\"300\" height=\"300\" src=\"https:\/\/www.olimpicmataro.com\/wp-content\/uploads\/2025\/10\/regalaolimpic-300x300.webp\" class=\"attachment-woocommerce_thumbnail size-woocommerce_thumbnail\" alt=\"Regala Ol\u00edmpic\" srcset=\"https:\/\/www.olimpicmataro.com\/wp-content\/uploads\/2025\/10\/regalaolimpic-300x300.webp 300w, https:\/\/www.olimpicmataro.com\/wp-content\/uploads\/2025\/10\/regalaolimpic-1024x1024.webp 1024w, https:\/\/www.olimpicmataro.com\/wp-content\/uploads\/2025\/10\/regalaolimpic-150x150.webp 150w, https:\/\/www.olimpicmataro.com\/wp-content\/uploads\/2025\/10\/regalaolimpic-768x768.webp 768w, https:\/\/www.olimpicmataro.com\/wp-content\/uploads\/2025\/10\/regalaolimpic-560x560.webp 560w, https:\/\/www.olimpicmataro.com\/wp-content\/uploads\/2025\/10\/regalaolimpic-600x600.webp 600w, https:\/\/www.olimpicmataro.com\/wp-content\/uploads\/2025\/10\/regalaolimpic-100x100.webp 100w, https:\/\/www.olimpicmataro.com\/wp-content\/uploads\/2025\/10\/regalaolimpic.webp 1200w\" sizes=\"(max-width: 300px) 100vw, 300px\" loading=\"eager\" \/><\/div>\n\t\t\t\t\t<div class=\"wc-block-grid__product-title\">Regala Ol\u00edmpic<\/div>\n\t\t\t\t<\/a>\n\t\t\t\t<div class=\"wc-block-grid__product-price price\"><span class=\"woocommerce-Price-amount amount\">50,00&nbsp;<span class=\"woocommerce-Price-currencySymbol\">&euro;<\/span><\/span><\/div>\n\t\t\t\t\n\t\t\t\t<div class=\"wp-block-button wc-block-grid__product-add-to-cart\"><a href=\"\/es\/wp-json\/wp\/v2\/pages\/4340?add-to-cart=4994\" aria-label=\"A\u00f1adir al carrito: &ldquo;Regala Ol\u00edmpic&rdquo;\" data-quantity=\"1\" data-product_id=\"4994\" data-product_sku=\"\" data-price=\"50\" rel=\"nofollow\" class=\"wp-block-button__link  add_to_cart_button ajax_add_to_cart\">A\u00f1adir al carrito<\/a><\/div>\n\t\t\t<\/li><\/ul><\/div><\/div>\r\n<\/div>\r\n","protected":false},"excerpt":{"rendered":"","protected":false},"author":1,"featured_media":0,"parent":0,"menu_order":0,"comment_status":"closed","ping_status":"closed","template":"","meta":{"_joinchat":[],"footnotes":""},"class_list":["post-4340","page","type-page","status-publish","hentry"],"yoast_head":"<!-- This site is optimized with the Yoast SEO Premium plugin v22.8 (Yoast SEO v26.6) - https:\/\/yoast.com\/wordpress\/plugins\/seo\/ -->\n<title>Carrito - Ol\u00edmpic<\/title>\n<meta name=\"robots\" content=\"index, follow, max-snippet:-1, max-image-preview:large, max-video-preview:-1\" \/>\n<link rel=\"canonical\" href=\"https:\/\/www.olimpicmataro.com\/es\/carrito-2\/\" \/>\n<meta property=\"og:locale\" content=\"es_ES\" \/>\n<meta property=\"og:type\" content=\"article\" \/>\n<meta property=\"og:title\" content=\"Carrito\" \/>\n<meta property=\"og:url\" content=\"https:\/\/www.olimpicmataro.com\/es\/carrito-2\/\" \/>\n<meta property=\"og:site_name\" content=\"Ol\u00edmpic\" \/>\n<meta property=\"article:publisher\" content=\"https:\/\/www.facebook.com\/profile.php?id=61552513461920\" \/>\n<meta property=\"article:modified_time\" content=\"2025-10-29T07:55:30+00:00\" \/>\n<meta name=\"twitter:card\" content=\"summary_large_image\" \/>\n<script type=\"application\/ld+json\" class=\"yoast-schema-graph\">{\"@context\":\"https:\/\/schema.org\",\"@graph\":[{\"@type\":\"WebPage\",\"@id\":\"https:\/\/www.olimpicmataro.com\/es\/carrito-2\/\",\"url\":\"https:\/\/www.olimpicmataro.com\/es\/carrito-2\/\",\"name\":\"Carrito - Ol\u00edmpic\",\"isPartOf\":{\"@id\":\"https:\/\/www.olimpicmataro.com\/es\/#website\"},\"datePublished\":\"2025-07-08T11:43:27+00:00\",\"dateModified\":\"2025-10-29T07:55:30+00:00\",\"breadcrumb\":{\"@id\":\"https:\/\/www.olimpicmataro.com\/es\/carrito-2\/#breadcrumb\"},\"inLanguage\":\"es\",\"potentialAction\":[{\"@type\":\"ReadAction\",\"target\":[\"https:\/\/www.olimpicmataro.com\/es\/carrito-2\/\"]}]},{\"@type\":\"BreadcrumbList\",\"@id\":\"https:\/\/www.olimpicmataro.com\/es\/carrito-2\/#breadcrumb\",\"itemListElement\":[{\"@type\":\"ListItem\",\"position\":1,\"name\":\"Portada\",\"item\":\"https:\/\/www.olimpicmataro.com\/es\/\"},{\"@type\":\"ListItem\",\"position\":2,\"name\":\"Carrito\"}]},{\"@type\":\"WebSite\",\"@id\":\"https:\/\/www.olimpicmataro.com\/es\/#website\",\"url\":\"https:\/\/www.olimpicmataro.com\/es\/\",\"name\":\"Olimpic\",\"description\":\"Vermuts i plats per compartir\",\"publisher\":{\"@id\":\"https:\/\/www.olimpicmataro.com\/es\/#organization\"},\"potentialAction\":[{\"@type\":\"SearchAction\",\"target\":{\"@type\":\"EntryPoint\",\"urlTemplate\":\"https:\/\/www.olimpicmataro.com\/es\/?s={search_term_string}\"},\"query-input\":{\"@type\":\"PropertyValueSpecification\",\"valueRequired\":true,\"valueName\":\"search_term_string\"}}],\"inLanguage\":\"es\"},{\"@type\":\"Organization\",\"@id\":\"https:\/\/www.olimpicmataro.com\/es\/#organization\",\"name\":\"Olimpic\",\"url\":\"https:\/\/www.olimpicmataro.com\/es\/\",\"logo\":{\"@type\":\"ImageObject\",\"inLanguage\":\"es\",\"@id\":\"https:\/\/www.olimpicmataro.com\/es\/#\/schema\/logo\/image\/\",\"url\":\"https:\/\/www.olimpicmataro.com\/wp-content\/uploads\/2024\/10\/logoBig.png\",\"contentUrl\":\"https:\/\/www.olimpicmataro.com\/wp-content\/uploads\/2024\/10\/logoBig.png\",\"width\":662,\"height\":154,\"caption\":\"Olimpic\"},\"image\":{\"@id\":\"https:\/\/www.olimpicmataro.com\/es\/#\/schema\/logo\/image\/\"},\"sameAs\":[\"https:\/\/www.facebook.com\/profile.php?id=61552513461920\",\"https:\/\/www.instagram.com\/olimpic_vermut\"]}]}<\/script>\n<!-- \/ Yoast SEO Premium plugin. -->","yoast_head_json":{"title":"Carrito - Ol\u00edmpic","robots":{"index":"index","follow":"follow","max-snippet":"max-snippet:-1","max-image-preview":"max-image-preview:large","max-video-preview":"max-video-preview:-1"},"canonical":"https:\/\/www.olimpicmataro.com\/es\/carrito-2\/","og_locale":"es_ES","og_type":"article","og_title":"Carrito","og_url":"https:\/\/www.olimpicmataro.com\/es\/carrito-2\/","og_site_name":"Ol\u00edmpic","article_publisher":"https:\/\/www.facebook.com\/profile.php?id=61552513461920","article_modified_time":"2025-10-29T07:55:30+00:00","twitter_card":"summary_large_image","schema":{"@context":"https:\/\/schema.org","@graph":[{"@type":"WebPage","@id":"https:\/\/www.olimpicmataro.com\/es\/carrito-2\/","url":"https:\/\/www.olimpicmataro.com\/es\/carrito-2\/","name":"Carrito - Ol\u00edmpic","isPartOf":{"@id":"https:\/\/www.olimpicmataro.com\/es\/#website"},"datePublished":"2025-07-08T11:43:27+00:00","dateModified":"2025-10-29T07:55:30+00:00","breadcrumb":{"@id":"https:\/\/www.olimpicmataro.com\/es\/carrito-2\/#breadcrumb"},"inLanguage":"es","potentialAction":[{"@type":"ReadAction","target":["https:\/\/www.olimpicmataro.com\/es\/carrito-2\/"]}]},{"@type":"BreadcrumbList","@id":"https:\/\/www.olimpicmataro.com\/es\/carrito-2\/#breadcrumb","itemListElement":[{"@type":"ListItem","position":1,"name":"Portada","item":"https:\/\/www.olimpicmataro.com\/es\/"},{"@type":"ListItem","position":2,"name":"Carrito"}]},{"@type":"WebSite","@id":"https:\/\/www.olimpicmataro.com\/es\/#website","url":"https:\/\/www.olimpicmataro.com\/es\/","name":"Olimpic","description":"Vermuts i plats per compartir","publisher":{"@id":"https:\/\/www.olimpicmataro.com\/es\/#organization"},"potentialAction":[{"@type":"SearchAction","target":{"@type":"EntryPoint","urlTemplate":"https:\/\/www.olimpicmataro.com\/es\/?s={search_term_string}"},"query-input":{"@type":"PropertyValueSpecification","valueRequired":true,"valueName":"search_term_string"}}],"inLanguage":"es"},{"@type":"Organization","@id":"https:\/\/www.olimpicmataro.com\/es\/#organization","name":"Olimpic","url":"https:\/\/www.olimpicmataro.com\/es\/","logo":{"@type":"ImageObject","inLanguage":"es","@id":"https:\/\/www.olimpicmataro.com\/es\/#\/schema\/logo\/image\/","url":"https:\/\/www.olimpicmataro.com\/wp-content\/uploads\/2024\/10\/logoBig.png","contentUrl":"https:\/\/www.olimpicmataro.com\/wp-content\/uploads\/2024\/10\/logoBig.png","width":662,"height":154,"caption":"Olimpic"},"image":{"@id":"https:\/\/www.olimpicmataro.com\/es\/#\/schema\/logo\/image\/"},"sameAs":["https:\/\/www.facebook.com\/profile.php?id=61552513461920","https:\/\/www.instagram.com\/olimpic_vermut"]}]}},"_links":{"self":[{"href":"https:\/\/www.olimpicmataro.com\/es\/wp-json\/wp\/v2\/pages\/4340","targetHints":{"allow":["GET"]}}],"collection":[{"href":"https:\/\/www.olimpicmataro.com\/es\/wp-json\/wp\/v2\/pages"}],"about":[{"href":"https:\/\/www.olimpicmataro.com\/es\/wp-json\/wp\/v2\/types\/page"}],"author":[{"embeddable":true,"href":"https:\/\/www.olimpicmataro.com\/es\/wp-json\/wp\/v2\/users\/1"}],"replies":[{"embeddable":true,"href":"https:\/\/www.olimpicmataro.com\/es\/wp-json\/wp\/v2\/comments?post=4340"}],"version-history":[{"count":2,"href":"https:\/\/www.olimpicmataro.com\/es\/wp-json\/wp\/v2\/pages\/4340\/revisions"}],"predecessor-version":[{"id":4358,"href":"https:\/\/www.olimpicmataro.com\/es\/wp-json\/wp\/v2\/pages\/4340\/revisions\/4358"}],"wp:attachment":[{"href":"https:\/\/www.olimpicmataro.com\/es\/wp-json\/wp\/v2\/media?parent=4340"}],"curies":[{"name":"wp","href":"https:\/\/api.w.org\/{rel}","templated":true}]}}