{"id":4963,"date":"2025-09-26T12:28:10","date_gmt":"2025-09-26T10:28:10","guid":{"rendered":"https:\/\/www.olimpicmataro.com\/?page_id=4963"},"modified":"2026-02-05T08:31:35","modified_gmt":"2026-02-05T07:31:35","slug":"catering-2","status":"publish","type":"page","link":"https:\/\/www.olimpicmataro.com\/es\/catering-2\/","title":{"rendered":"Regala Olimpic"},"content":{"rendered":"\t\t<div data-elementor-type=\"wp-page\" data-elementor-id=\"4963\" class=\"elementor elementor-4963 elementor-4962\">\n\t\t\t\t<div class=\"elementor-element elementor-element-e8dce92 e-flex e-con-boxed e-con e-parent\" data-id=\"e8dce92\" data-element_type=\"container\">\n\t\t\t\t\t\t\t<div class=\"e-con-inner\">\n\t\t\t\t<div class=\"elementor-element elementor-element-027849e elementor-widget__width-initial elementor-widget elementor-widget-heading\" data-id=\"027849e\" data-element_type=\"widget\" data-widget_type=\"heading.default\">\n\t\t\t\t<div class=\"elementor-widget-container\">\n\t\t\t\t\t<h4 class=\"elementor-heading-title elementor-size-default\">Si quieres sorprender con un regalo especial, disponemos de vales regalo con diferentes importes que se podr\u00e1n utilizar para disfrutar de la experiencia Olimpic<\/h4>\t\t\t\t<\/div>\n\t\t\t\t<\/div>\n\t\t\t\t\t<\/div>\n\t\t\t\t<\/div>\n\t\t        <section class=\"elementor-section elementor-top-section elementor-element elementor-element-252d507 elementor-section-boxed elementor-section-height-default elementor-section-height-default pxl-section-static-pos-no pxl-section-overflow-hidden-no\" data-id=\"252d507\" data-element_type=\"section\">\n\n                \n                <div class=\"elementor-container elementor-column-gap-default \">\n                <div class=\"elementor-column elementor-col-100 elementor-top-column elementor-element elementor-element-072b89c pxl-column-element-default pxl-column-fullwidth-no\" data-id=\"072b89c\" data-element_type=\"column\">\r\n        <div class=\"elementor-widget-wrap elementor-element-populated\">\r\n                    \t\t<div class=\"elementor-element elementor-element-6b4a109 elementor-widget elementor-widget-pxl_product_grid\" data-id=\"6b4a109\" data-element_type=\"widget\" data-widget_type=\"pxl_product_grid.default\">\n\t\t\t\t<div class=\"elementor-widget-container\">\n\t\t\t\t\t\n<div id=\"pxl_product_grid-6b4a109\" class=\"pxl-product-grid pxl-shop-layout-4\">\n    <div class=\"pxl-grid-inner products row relative row-cols-xs-1 row-cols-sm-1 row-cols-md-2 row-cols-lg-2 row-cols-xl-3 row-cols-xxl-3\">\n        <div class=\"grid-item product type-product post-4994 status-publish first instock product_cat-regala-olimpic-es has-post-thumbnail shipping-taxable purchasable product-type-simple\">\n    <div class=\"pxl-shop-item-wrap\">\n        <div class=\"pxl-products-thumb relative\">\n            <div class=\"image-wrap \">\n                <img fetchpriority=\"high\" decoding=\"async\" width=\"300\" height=\"300\" src=\"https:\/\/www.olimpicmataro.com\/wp-content\/uploads\/2025\/10\/regalaolimpic-300x300.webp\" class=\"attachment-woocommerce_thumbnail size-woocommerce_thumbnail\" alt=\"Regala Ol\u00edmpic\" srcset=\"https:\/\/www.olimpicmataro.com\/wp-content\/uploads\/2025\/10\/regalaolimpic-300x300.webp 300w, https:\/\/www.olimpicmataro.com\/wp-content\/uploads\/2025\/10\/regalaolimpic-1024x1024.webp 1024w, https:\/\/www.olimpicmataro.com\/wp-content\/uploads\/2025\/10\/regalaolimpic-150x150.webp 150w, https:\/\/www.olimpicmataro.com\/wp-content\/uploads\/2025\/10\/regalaolimpic-768x768.webp 768w, https:\/\/www.olimpicmataro.com\/wp-content\/uploads\/2025\/10\/regalaolimpic-560x560.webp 560w, https:\/\/www.olimpicmataro.com\/wp-content\/uploads\/2025\/10\/regalaolimpic-600x600.webp 600w, https:\/\/www.olimpicmataro.com\/wp-content\/uploads\/2025\/10\/regalaolimpic-100x100.webp 100w, https:\/\/www.olimpicmataro.com\/wp-content\/uploads\/2025\/10\/regalaolimpic.webp 1200w\" sizes=\"(max-width: 300px) 100vw, 300px\" loading=\"eager\" \/>                            <\/div>\n            <div class=\"hot-sale\">\n                            <\/div>\n        <\/div>\n        <div class=\"pxl-products-content\">\n            <div class=\"pxl-products-content-wrap\">\n                <div class=\"pxl-products-content-inner\">\n                                        <h3 class=\"pxl-product-title\">\n                        <a href=\"https:\/\/www.olimpicmataro.com\/es\/producte\/paga-y-senal-copia\/\" title=\"Regala Ol\u00edmpic\">Regala Ol\u00edmpic<\/a>\n                    <\/h3>\n                                        \n\t<span class=\"price\"><span class=\"woocommerce-Price-amount amount\"><bdi>50,00&nbsp;<span class=\"woocommerce-Price-currencySymbol\">&euro;<\/span><\/bdi><\/span><\/span>\n                    <div class=\"btn-wrapper\">\n                        <div class=\"pxl-add-to-cart\">\n                            <a href=\"\/es\/wp-json\/wp\/v2\/pages\/4963?add-to-cart=4994\" data-quantity=\"1\" class=\"pxl-btn button product_type_simple add_to_cart_button ajax_add_to_cart\" data-product_id=\"4994\" data-product_sku=\"\" aria-label=\"A\u00f1adir al carrito: &ldquo;Regala Ol\u00edmpic&rdquo;\" rel=\"nofollow\" data-success_message=\"\u00abRegala Ol\u00edmpic\u00bb se ha a\u00f1adido a tu carrito\" role=\"button\"><span class=\"pxl-btn-text\">A\u00f1adir al carrito<\/span><span class=\"pxl-icon pxli pxli-shopping-cart-plus\"><\/span><\/a>\t<span id=\"woocommerce_loop_add_to_cart_link_describedby_4994\" class=\"screen-reader-text\">\n\t\t\t<\/span>\n                        <\/div>\n                    <\/div>\n                <\/div>\n            <\/div>\n        <\/div>\n        <div class=\"pxl-products-content-list-view d-none\">\n            \n\t<span class=\"price\"><span class=\"woocommerce-Price-amount amount\"><bdi>50,00&nbsp;<span class=\"woocommerce-Price-currencySymbol\">&euro;<\/span><\/bdi><\/span><\/span>\n                        <h3 class=\"pxl-product-title\">\n                <a href=\"https:\/\/www.olimpicmataro.com\/es\/producte\/paga-y-senal-copia\/\" >Regala Ol\u00edmpic<\/a>\n            <\/h3>\n                        <div class=\"list-view-rating\">\n                                            <\/div>\n            <div class=\"pxl-loop-product-excerpt\">\n                <p>Si quieres sorprender con un regalo especial, disponemos de vales regalo con diferentes importes que se podr\u00e1n utilizar para disfrutar de la experiencia Olimpic.<\/p>\n            <\/div>\n            <a href=\"\/es\/wp-json\/wp\/v2\/pages\/4963?add-to-cart=4994\" data-quantity=\"1\" class=\"pxl-btn button product_type_simple add_to_cart_button ajax_add_to_cart\" data-product_id=\"4994\" data-product_sku=\"\" aria-label=\"A\u00f1adir al carrito: &ldquo;Regala Ol\u00edmpic&rdquo;\" rel=\"nofollow\" data-success_message=\"\u00abRegala Ol\u00edmpic\u00bb se ha a\u00f1adido a tu carrito\" role=\"button\"><span class=\"pxl-btn-text\">A\u00f1adir al carrito<\/span><span class=\"pxl-icon pxli pxli-shopping-cart-plus\"><\/span><\/a>\t<span id=\"woocommerce_loop_add_to_cart_link_describedby_4994\" class=\"screen-reader-text\">\n\t\t\t<\/span>\n        <\/div>\n    <\/div>\n    <\/a><\/div>            <\/div>\n\n    <\/div>\t\t\t\t<\/div>\n\t\t\t\t<\/div>\n\t\t                    <\/div>\r\n        <\/div>\r\n        \t\t\t<\/div>\n\t\t<\/section>\n\t\t\t\t<\/div>\n\t\t","protected":false},"excerpt":{"rendered":"<p>Si quieres sorprender con un regalo especial, disponemos de vales regalo con diferentes importes que se podr\u00e1n utilizar para disfrutar de la experiencia Olimpic Regala Ol\u00edmpic 50,00&nbsp;&euro; Afegir a la cistella 50,00&nbsp;&euro; Regala Ol\u00edmpic Si vols sorprendre amb un regal especial, disposem de vals regal amb diferents imports que es podran utilitzar per gaudir de [&hellip;]<\/p>\n","protected":false},"author":1,"featured_media":0,"parent":0,"menu_order":0,"comment_status":"closed","ping_status":"closed","template":"","meta":{"_joinchat":[],"footnotes":""},"class_list":["post-4963","page","type-page","status-publish","hentry"],"yoast_head":"<!-- This site is optimized with the Yoast SEO Premium plugin v22.8 (Yoast SEO v26.6) - https:\/\/yoast.com\/wordpress\/plugins\/seo\/ -->\n<title>Regala Olimpic - Ol\u00edmpic<\/title>\n<meta name=\"robots\" content=\"index, follow, max-snippet:-1, max-image-preview:large, max-video-preview:-1\" \/>\n<link rel=\"canonical\" href=\"https:\/\/www.olimpicmataro.com\/es\/catering-2\/\" \/>\n<meta property=\"og:locale\" content=\"es_ES\" \/>\n<meta property=\"og:type\" content=\"article\" \/>\n<meta property=\"og:title\" content=\"Regala Olimpic\" \/>\n<meta property=\"og:description\" content=\"Si quieres sorprender con un regalo especial, disponemos de vales regalo con diferentes importes que se podr\u00e1n utilizar para disfrutar de la experiencia Olimpic Regala Ol\u00edmpic 50,00&nbsp;&euro; Afegir a la cistella 50,00&nbsp;&euro; Regala Ol\u00edmpic Si vols sorprendre amb un regal especial, disposem de vals regal amb diferents imports que es podran utilitzar per gaudir de [&hellip;]\" \/>\n<meta property=\"og:url\" content=\"https:\/\/www.olimpicmataro.com\/es\/catering-2\/\" \/>\n<meta property=\"og:site_name\" content=\"Ol\u00edmpic\" \/>\n<meta property=\"article:publisher\" content=\"https:\/\/www.facebook.com\/profile.php?id=61552513461920\" \/>\n<meta property=\"article:modified_time\" content=\"2026-02-05T07:31:35+00:00\" \/>\n<meta property=\"og:image\" content=\"https:\/\/www.olimpicmataro.com\/wp-content\/uploads\/2025\/10\/regalaolimpic-300x300.webp\" \/>\n<meta name=\"twitter:card\" content=\"summary_large_image\" \/>\n<meta name=\"twitter:label1\" content=\"Tiempo de lectura\" \/>\n\t<meta name=\"twitter:data1\" content=\"1 minuto\" \/>\n<script type=\"application\/ld+json\" class=\"yoast-schema-graph\">{\"@context\":\"https:\/\/schema.org\",\"@graph\":[{\"@type\":\"WebPage\",\"@id\":\"https:\/\/www.olimpicmataro.com\/es\/catering-2\/\",\"url\":\"https:\/\/www.olimpicmataro.com\/es\/catering-2\/\",\"name\":\"Regala Olimpic - Ol\u00edmpic\",\"isPartOf\":{\"@id\":\"https:\/\/www.olimpicmataro.com\/es\/#website\"},\"primaryImageOfPage\":{\"@id\":\"https:\/\/www.olimpicmataro.com\/es\/catering-2\/#primaryimage\"},\"image\":{\"@id\":\"https:\/\/www.olimpicmataro.com\/es\/catering-2\/#primaryimage\"},\"thumbnailUrl\":\"https:\/\/www.olimpicmataro.com\/wp-content\/uploads\/2025\/10\/regalaolimpic-300x300.webp\",\"datePublished\":\"2025-09-26T10:28:10+00:00\",\"dateModified\":\"2026-02-05T07:31:35+00:00\",\"breadcrumb\":{\"@id\":\"https:\/\/www.olimpicmataro.com\/es\/catering-2\/#breadcrumb\"},\"inLanguage\":\"es\",\"potentialAction\":[{\"@type\":\"ReadAction\",\"target\":[\"https:\/\/www.olimpicmataro.com\/es\/catering-2\/\"]}]},{\"@type\":\"ImageObject\",\"inLanguage\":\"es\",\"@id\":\"https:\/\/www.olimpicmataro.com\/es\/catering-2\/#primaryimage\",\"url\":\"https:\/\/www.olimpicmataro.com\/wp-content\/uploads\/2025\/10\/regalaolimpic-300x300.webp\",\"contentUrl\":\"https:\/\/www.olimpicmataro.com\/wp-content\/uploads\/2025\/10\/regalaolimpic-300x300.webp\"},{\"@type\":\"BreadcrumbList\",\"@id\":\"https:\/\/www.olimpicmataro.com\/es\/catering-2\/#breadcrumb\",\"itemListElement\":[{\"@type\":\"ListItem\",\"position\":1,\"name\":\"Portada\",\"item\":\"https:\/\/www.olimpicmataro.com\/es\/\"},{\"@type\":\"ListItem\",\"position\":2,\"name\":\"Regala Olimpic\"}]},{\"@type\":\"WebSite\",\"@id\":\"https:\/\/www.olimpicmataro.com\/es\/#website\",\"url\":\"https:\/\/www.olimpicmataro.com\/es\/\",\"name\":\"Olimpic\",\"description\":\"Vermuts i plats per compartir\",\"publisher\":{\"@id\":\"https:\/\/www.olimpicmataro.com\/es\/#organization\"},\"potentialAction\":[{\"@type\":\"SearchAction\",\"target\":{\"@type\":\"EntryPoint\",\"urlTemplate\":\"https:\/\/www.olimpicmataro.com\/es\/?s={search_term_string}\"},\"query-input\":{\"@type\":\"PropertyValueSpecification\",\"valueRequired\":true,\"valueName\":\"search_term_string\"}}],\"inLanguage\":\"es\"},{\"@type\":\"Organization\",\"@id\":\"https:\/\/www.olimpicmataro.com\/es\/#organization\",\"name\":\"Olimpic\",\"url\":\"https:\/\/www.olimpicmataro.com\/es\/\",\"logo\":{\"@type\":\"ImageObject\",\"inLanguage\":\"es\",\"@id\":\"https:\/\/www.olimpicmataro.com\/es\/#\/schema\/logo\/image\/\",\"url\":\"https:\/\/www.olimpicmataro.com\/wp-content\/uploads\/2024\/10\/logoBig.png\",\"contentUrl\":\"https:\/\/www.olimpicmataro.com\/wp-content\/uploads\/2024\/10\/logoBig.png\",\"width\":662,\"height\":154,\"caption\":\"Olimpic\"},\"image\":{\"@id\":\"https:\/\/www.olimpicmataro.com\/es\/#\/schema\/logo\/image\/\"},\"sameAs\":[\"https:\/\/www.facebook.com\/profile.php?id=61552513461920\",\"https:\/\/www.instagram.com\/olimpic_vermut\"]}]}<\/script>\n<!-- \/ Yoast SEO Premium plugin. -->","yoast_head_json":{"title":"Regala Olimpic - Ol\u00edmpic","robots":{"index":"index","follow":"follow","max-snippet":"max-snippet:-1","max-image-preview":"max-image-preview:large","max-video-preview":"max-video-preview:-1"},"canonical":"https:\/\/www.olimpicmataro.com\/es\/catering-2\/","og_locale":"es_ES","og_type":"article","og_title":"Regala Olimpic","og_description":"Si quieres sorprender con un regalo especial, disponemos de vales regalo con diferentes importes que se podr\u00e1n utilizar para disfrutar de la experiencia Olimpic Regala Ol\u00edmpic 50,00&nbsp;&euro; Afegir a la cistella 50,00&nbsp;&euro; Regala Ol\u00edmpic Si vols sorprendre amb un regal especial, disposem de vals regal amb diferents imports que es podran utilitzar per gaudir de [&hellip;]","og_url":"https:\/\/www.olimpicmataro.com\/es\/catering-2\/","og_site_name":"Ol\u00edmpic","article_publisher":"https:\/\/www.facebook.com\/profile.php?id=61552513461920","article_modified_time":"2026-02-05T07:31:35+00:00","og_image":[{"url":"https:\/\/www.olimpicmataro.com\/wp-content\/uploads\/2025\/10\/regalaolimpic-300x300.webp","type":"","width":"","height":""}],"twitter_card":"summary_large_image","twitter_misc":{"Tiempo de lectura":"1 minuto"},"schema":{"@context":"https:\/\/schema.org","@graph":[{"@type":"WebPage","@id":"https:\/\/www.olimpicmataro.com\/es\/catering-2\/","url":"https:\/\/www.olimpicmataro.com\/es\/catering-2\/","name":"Regala Olimpic - Ol\u00edmpic","isPartOf":{"@id":"https:\/\/www.olimpicmataro.com\/es\/#website"},"primaryImageOfPage":{"@id":"https:\/\/www.olimpicmataro.com\/es\/catering-2\/#primaryimage"},"image":{"@id":"https:\/\/www.olimpicmataro.com\/es\/catering-2\/#primaryimage"},"thumbnailUrl":"https:\/\/www.olimpicmataro.com\/wp-content\/uploads\/2025\/10\/regalaolimpic-300x300.webp","datePublished":"2025-09-26T10:28:10+00:00","dateModified":"2026-02-05T07:31:35+00:00","breadcrumb":{"@id":"https:\/\/www.olimpicmataro.com\/es\/catering-2\/#breadcrumb"},"inLanguage":"es","potentialAction":[{"@type":"ReadAction","target":["https:\/\/www.olimpicmataro.com\/es\/catering-2\/"]}]},{"@type":"ImageObject","inLanguage":"es","@id":"https:\/\/www.olimpicmataro.com\/es\/catering-2\/#primaryimage","url":"https:\/\/www.olimpicmataro.com\/wp-content\/uploads\/2025\/10\/regalaolimpic-300x300.webp","contentUrl":"https:\/\/www.olimpicmataro.com\/wp-content\/uploads\/2025\/10\/regalaolimpic-300x300.webp"},{"@type":"BreadcrumbList","@id":"https:\/\/www.olimpicmataro.com\/es\/catering-2\/#breadcrumb","itemListElement":[{"@type":"ListItem","position":1,"name":"Portada","item":"https:\/\/www.olimpicmataro.com\/es\/"},{"@type":"ListItem","position":2,"name":"Regala Olimpic"}]},{"@type":"WebSite","@id":"https:\/\/www.olimpicmataro.com\/es\/#website","url":"https:\/\/www.olimpicmataro.com\/es\/","name":"Olimpic","description":"Vermuts i plats per compartir","publisher":{"@id":"https:\/\/www.olimpicmataro.com\/es\/#organization"},"potentialAction":[{"@type":"SearchAction","target":{"@type":"EntryPoint","urlTemplate":"https:\/\/www.olimpicmataro.com\/es\/?s={search_term_string}"},"query-input":{"@type":"PropertyValueSpecification","valueRequired":true,"valueName":"search_term_string"}}],"inLanguage":"es"},{"@type":"Organization","@id":"https:\/\/www.olimpicmataro.com\/es\/#organization","name":"Olimpic","url":"https:\/\/www.olimpicmataro.com\/es\/","logo":{"@type":"ImageObject","inLanguage":"es","@id":"https:\/\/www.olimpicmataro.com\/es\/#\/schema\/logo\/image\/","url":"https:\/\/www.olimpicmataro.com\/wp-content\/uploads\/2024\/10\/logoBig.png","contentUrl":"https:\/\/www.olimpicmataro.com\/wp-content\/uploads\/2024\/10\/logoBig.png","width":662,"height":154,"caption":"Olimpic"},"image":{"@id":"https:\/\/www.olimpicmataro.com\/es\/#\/schema\/logo\/image\/"},"sameAs":["https:\/\/www.facebook.com\/profile.php?id=61552513461920","https:\/\/www.instagram.com\/olimpic_vermut"]}]}},"_links":{"self":[{"href":"https:\/\/www.olimpicmataro.com\/es\/wp-json\/wp\/v2\/pages\/4963","targetHints":{"allow":["GET"]}}],"collection":[{"href":"https:\/\/www.olimpicmataro.com\/es\/wp-json\/wp\/v2\/pages"}],"about":[{"href":"https:\/\/www.olimpicmataro.com\/es\/wp-json\/wp\/v2\/types\/page"}],"author":[{"embeddable":true,"href":"https:\/\/www.olimpicmataro.com\/es\/wp-json\/wp\/v2\/users\/1"}],"replies":[{"embeddable":true,"href":"https:\/\/www.olimpicmataro.com\/es\/wp-json\/wp\/v2\/comments?post=4963"}],"version-history":[{"count":12,"href":"https:\/\/www.olimpicmataro.com\/es\/wp-json\/wp\/v2\/pages\/4963\/revisions"}],"predecessor-version":[{"id":5167,"href":"https:\/\/www.olimpicmataro.com\/es\/wp-json\/wp\/v2\/pages\/4963\/revisions\/5167"}],"wp:attachment":[{"href":"https:\/\/www.olimpicmataro.com\/es\/wp-json\/wp\/v2\/media?parent=4963"}],"curies":[{"name":"wp","href":"https:\/\/api.w.org\/{rel}","templated":true}]}}