{"id":4303,"date":"2024-10-16T03:11:45","date_gmt":"2024-10-16T03:11:45","guid":{"rendered":"https:\/\/www.olimpicmataro.com\/product\/miercoles-25-de-septiembre-cata-de-vinos-dulces-catalanes-y-barquillos-de-casa-graupera\/"},"modified":"2025-10-20T07:44:25","modified_gmt":"2025-10-20T05:44:25","slug":"miercoles-25-de-septiembre-cata-de-vinos-dulces-catalanes-y-barquillos-de-casa-graupera","status":"publish","type":"product","link":"https:\/\/www.olimpicmataro.com\/es\/producte\/miercoles-25-de-septiembre-cata-de-vinos-dulces-catalanes-y-barquillos-de-casa-graupera\/","title":{"rendered":"Mi\u00e9rcoles 29 de octubre: cata de vinos de jerez y barquillos de Casa Graupera"},"content":{"rendered":"","protected":false},"excerpt":{"rendered":"<p><strong>Fecha: Mi\u00e9rcoles 29 de octubre<\/strong><\/p>\n<p>Los caminos del Jerez: crianza biol\u00f3gica y oxidativa. Fino, amontillado y Pedro Ximenez.<\/p>\n<p>Degustaci\u00f3n con maridaje y elaboraci\u00f3n en directo de barquillos de la mano de Casa Graupera.<\/p>\n","protected":false},"featured_media":5089,"template":"","meta":{"_joinchat":[]},"product_brand":[],"product_cat":[56],"product_tag":[],"class_list":{"0":"post-4303","1":"product","2":"type-product","3":"status-publish","4":"has-post-thumbnail","6":"product_cat-uncategorized-es","8":"first","9":"outofstock","10":"shipping-taxable","11":"purchasable","12":"product-type-simple"},"yoast_head":"<!-- This site is optimized with the Yoast SEO Premium plugin v22.8 (Yoast SEO v26.6) - https:\/\/yoast.com\/wordpress\/plugins\/seo\/ -->\n<title>Mi\u00e9rcoles 29 de octubre: cata de vinos de jerez y barquillos de Casa Graupera - Ol\u00edmpic<\/title>\n<meta name=\"robots\" content=\"index, follow, max-snippet:-1, max-image-preview:large, max-video-preview:-1\" \/>\n<link rel=\"canonical\" href=\"https:\/\/www.olimpicmataro.com\/es\/producte\/miercoles-25-de-septiembre-cata-de-vinos-dulces-catalanes-y-barquillos-de-casa-graupera\/\" \/>\n<meta property=\"og:locale\" content=\"es_ES\" \/>\n<meta property=\"og:type\" content=\"article\" \/>\n<meta property=\"og:title\" content=\"Mi\u00e9rcoles 29 de octubre: cata de vinos de jerez y barquillos de Casa Graupera\" \/>\n<meta property=\"og:description\" content=\"Fecha: Mi\u00e9rcoles 29 de octubre  Los caminos del Jerez: crianza biol\u00f3gica y oxidativa. Fino, amontillado y Pedro Ximenez.  Degustaci\u00f3n con maridaje y elaboraci\u00f3n en directo de barquillos de la mano de Casa Graupera.\" \/>\n<meta property=\"og:url\" content=\"https:\/\/www.olimpicmataro.com\/es\/producte\/miercoles-25-de-septiembre-cata-de-vinos-dulces-catalanes-y-barquillos-de-casa-graupera\/\" \/>\n<meta property=\"og:site_name\" content=\"Ol\u00edmpic\" \/>\n<meta property=\"article:publisher\" content=\"https:\/\/www.facebook.com\/profile.php?id=61552513461920\" \/>\n<meta property=\"article:modified_time\" content=\"2025-10-20T05:44:25+00:00\" \/>\n<meta property=\"og:image\" content=\"https:\/\/www.olimpicmataro.com\/wp-content\/uploads\/2024\/10\/tastgraupera.webp\" \/>\n\t<meta property=\"og:image:width\" content=\"1200\" \/>\n\t<meta property=\"og:image:height\" content=\"1200\" \/>\n\t<meta property=\"og:image:type\" content=\"image\/png\" \/>\n<meta name=\"twitter:card\" content=\"summary_large_image\" \/>\n<meta name=\"twitter:label1\" content=\"Tiempo de lectura\" \/>\n\t<meta name=\"twitter:data1\" content=\"1 minuto\" \/>\n<script type=\"application\/ld+json\" class=\"yoast-schema-graph\">{\"@context\":\"https:\/\/schema.org\",\"@graph\":[{\"@type\":\"WebPage\",\"@id\":\"https:\/\/www.olimpicmataro.com\/es\/producte\/miercoles-25-de-septiembre-cata-de-vinos-dulces-catalanes-y-barquillos-de-casa-graupera\/\",\"url\":\"https:\/\/www.olimpicmataro.com\/es\/producte\/miercoles-25-de-septiembre-cata-de-vinos-dulces-catalanes-y-barquillos-de-casa-graupera\/\",\"name\":\"Mi\u00e9rcoles 29 de octubre: cata de vinos de jerez y barquillos de Casa Graupera - Ol\u00edmpic\",\"isPartOf\":{\"@id\":\"https:\/\/www.olimpicmataro.com\/es\/#website\"},\"primaryImageOfPage\":{\"@id\":\"https:\/\/www.olimpicmataro.com\/es\/producte\/miercoles-25-de-septiembre-cata-de-vinos-dulces-catalanes-y-barquillos-de-casa-graupera\/#primaryimage\"},\"image\":{\"@id\":\"https:\/\/www.olimpicmataro.com\/es\/producte\/miercoles-25-de-septiembre-cata-de-vinos-dulces-catalanes-y-barquillos-de-casa-graupera\/#primaryimage\"},\"thumbnailUrl\":\"https:\/\/www.olimpicmataro.com\/wp-content\/uploads\/2024\/10\/tastgraupera.webp\",\"datePublished\":\"2024-10-16T03:11:45+00:00\",\"dateModified\":\"2025-10-20T05:44:25+00:00\",\"breadcrumb\":{\"@id\":\"https:\/\/www.olimpicmataro.com\/es\/producte\/miercoles-25-de-septiembre-cata-de-vinos-dulces-catalanes-y-barquillos-de-casa-graupera\/#breadcrumb\"},\"inLanguage\":\"es\",\"potentialAction\":[{\"@type\":\"ReadAction\",\"target\":[\"https:\/\/www.olimpicmataro.com\/es\/producte\/miercoles-25-de-septiembre-cata-de-vinos-dulces-catalanes-y-barquillos-de-casa-graupera\/\"]}]},{\"@type\":\"ImageObject\",\"inLanguage\":\"es\",\"@id\":\"https:\/\/www.olimpicmataro.com\/es\/producte\/miercoles-25-de-septiembre-cata-de-vinos-dulces-catalanes-y-barquillos-de-casa-graupera\/#primaryimage\",\"url\":\"https:\/\/www.olimpicmataro.com\/wp-content\/uploads\/2024\/10\/tastgraupera.webp\",\"contentUrl\":\"https:\/\/www.olimpicmataro.com\/wp-content\/uploads\/2024\/10\/tastgraupera.webp\",\"width\":1200,\"height\":1200},{\"@type\":\"BreadcrumbList\",\"@id\":\"https:\/\/www.olimpicmataro.com\/es\/producte\/miercoles-25-de-septiembre-cata-de-vinos-dulces-catalanes-y-barquillos-de-casa-graupera\/#breadcrumb\",\"itemListElement\":[{\"@type\":\"ListItem\",\"position\":1,\"name\":\"Portada\",\"item\":\"https:\/\/www.olimpicmataro.com\/es\/\"},{\"@type\":\"ListItem\",\"position\":2,\"name\":\"Productos\",\"item\":\"https:\/\/www.olimpicmataro.com\/es\/shop\/\"},{\"@type\":\"ListItem\",\"position\":3,\"name\":\"Mi\u00e9rcoles 29 de octubre: cata de vinos de jerez y barquillos de Casa Graupera\"}]},{\"@type\":\"WebSite\",\"@id\":\"https:\/\/www.olimpicmataro.com\/es\/#website\",\"url\":\"https:\/\/www.olimpicmataro.com\/es\/\",\"name\":\"Olimpic\",\"description\":\"Vermuts i plats per compartir\",\"publisher\":{\"@id\":\"https:\/\/www.olimpicmataro.com\/es\/#organization\"},\"potentialAction\":[{\"@type\":\"SearchAction\",\"target\":{\"@type\":\"EntryPoint\",\"urlTemplate\":\"https:\/\/www.olimpicmataro.com\/es\/?s={search_term_string}\"},\"query-input\":{\"@type\":\"PropertyValueSpecification\",\"valueRequired\":true,\"valueName\":\"search_term_string\"}}],\"inLanguage\":\"es\"},{\"@type\":\"Organization\",\"@id\":\"https:\/\/www.olimpicmataro.com\/es\/#organization\",\"name\":\"Olimpic\",\"url\":\"https:\/\/www.olimpicmataro.com\/es\/\",\"logo\":{\"@type\":\"ImageObject\",\"inLanguage\":\"es\",\"@id\":\"https:\/\/www.olimpicmataro.com\/es\/#\/schema\/logo\/image\/\",\"url\":\"https:\/\/www.olimpicmataro.com\/wp-content\/uploads\/2024\/10\/logoBig.png\",\"contentUrl\":\"https:\/\/www.olimpicmataro.com\/wp-content\/uploads\/2024\/10\/logoBig.png\",\"width\":662,\"height\":154,\"caption\":\"Olimpic\"},\"image\":{\"@id\":\"https:\/\/www.olimpicmataro.com\/es\/#\/schema\/logo\/image\/\"},\"sameAs\":[\"https:\/\/www.facebook.com\/profile.php?id=61552513461920\",\"https:\/\/www.instagram.com\/olimpic_vermut\"]}]}<\/script>\n<!-- \/ Yoast SEO Premium plugin. -->","yoast_head_json":{"title":"Mi\u00e9rcoles 29 de octubre: cata de vinos de jerez y barquillos de Casa Graupera - Ol\u00edmpic","robots":{"index":"index","follow":"follow","max-snippet":"max-snippet:-1","max-image-preview":"max-image-preview:large","max-video-preview":"max-video-preview:-1"},"canonical":"https:\/\/www.olimpicmataro.com\/es\/producte\/miercoles-25-de-septiembre-cata-de-vinos-dulces-catalanes-y-barquillos-de-casa-graupera\/","og_locale":"es_ES","og_type":"article","og_title":"Mi\u00e9rcoles 29 de octubre: cata de vinos de jerez y barquillos de Casa Graupera","og_description":"Fecha: Mi\u00e9rcoles 29 de octubre  Los caminos del Jerez: crianza biol\u00f3gica y oxidativa. Fino, amontillado y Pedro Ximenez.  Degustaci\u00f3n con maridaje y elaboraci\u00f3n en directo de barquillos de la mano de Casa Graupera.","og_url":"https:\/\/www.olimpicmataro.com\/es\/producte\/miercoles-25-de-septiembre-cata-de-vinos-dulces-catalanes-y-barquillos-de-casa-graupera\/","og_site_name":"Ol\u00edmpic","article_publisher":"https:\/\/www.facebook.com\/profile.php?id=61552513461920","article_modified_time":"2025-10-20T05:44:25+00:00","og_image":[{"width":1200,"height":1200,"url":"https:\/\/www.olimpicmataro.com\/wp-content\/uploads\/2024\/10\/tastgraupera.webp","type":"image\/png"}],"twitter_card":"summary_large_image","twitter_misc":{"Tiempo de lectura":"1 minuto"},"schema":{"@context":"https:\/\/schema.org","@graph":[{"@type":"WebPage","@id":"https:\/\/www.olimpicmataro.com\/es\/producte\/miercoles-25-de-septiembre-cata-de-vinos-dulces-catalanes-y-barquillos-de-casa-graupera\/","url":"https:\/\/www.olimpicmataro.com\/es\/producte\/miercoles-25-de-septiembre-cata-de-vinos-dulces-catalanes-y-barquillos-de-casa-graupera\/","name":"Mi\u00e9rcoles 29 de octubre: cata de vinos de jerez y barquillos de Casa Graupera - Ol\u00edmpic","isPartOf":{"@id":"https:\/\/www.olimpicmataro.com\/es\/#website"},"primaryImageOfPage":{"@id":"https:\/\/www.olimpicmataro.com\/es\/producte\/miercoles-25-de-septiembre-cata-de-vinos-dulces-catalanes-y-barquillos-de-casa-graupera\/#primaryimage"},"image":{"@id":"https:\/\/www.olimpicmataro.com\/es\/producte\/miercoles-25-de-septiembre-cata-de-vinos-dulces-catalanes-y-barquillos-de-casa-graupera\/#primaryimage"},"thumbnailUrl":"https:\/\/www.olimpicmataro.com\/wp-content\/uploads\/2024\/10\/tastgraupera.webp","datePublished":"2024-10-16T03:11:45+00:00","dateModified":"2025-10-20T05:44:25+00:00","breadcrumb":{"@id":"https:\/\/www.olimpicmataro.com\/es\/producte\/miercoles-25-de-septiembre-cata-de-vinos-dulces-catalanes-y-barquillos-de-casa-graupera\/#breadcrumb"},"inLanguage":"es","potentialAction":[{"@type":"ReadAction","target":["https:\/\/www.olimpicmataro.com\/es\/producte\/miercoles-25-de-septiembre-cata-de-vinos-dulces-catalanes-y-barquillos-de-casa-graupera\/"]}]},{"@type":"ImageObject","inLanguage":"es","@id":"https:\/\/www.olimpicmataro.com\/es\/producte\/miercoles-25-de-septiembre-cata-de-vinos-dulces-catalanes-y-barquillos-de-casa-graupera\/#primaryimage","url":"https:\/\/www.olimpicmataro.com\/wp-content\/uploads\/2024\/10\/tastgraupera.webp","contentUrl":"https:\/\/www.olimpicmataro.com\/wp-content\/uploads\/2024\/10\/tastgraupera.webp","width":1200,"height":1200},{"@type":"BreadcrumbList","@id":"https:\/\/www.olimpicmataro.com\/es\/producte\/miercoles-25-de-septiembre-cata-de-vinos-dulces-catalanes-y-barquillos-de-casa-graupera\/#breadcrumb","itemListElement":[{"@type":"ListItem","position":1,"name":"Portada","item":"https:\/\/www.olimpicmataro.com\/es\/"},{"@type":"ListItem","position":2,"name":"Productos","item":"https:\/\/www.olimpicmataro.com\/es\/shop\/"},{"@type":"ListItem","position":3,"name":"Mi\u00e9rcoles 29 de octubre: cata de vinos de jerez y barquillos de Casa Graupera"}]},{"@type":"WebSite","@id":"https:\/\/www.olimpicmataro.com\/es\/#website","url":"https:\/\/www.olimpicmataro.com\/es\/","name":"Olimpic","description":"Vermuts i plats per compartir","publisher":{"@id":"https:\/\/www.olimpicmataro.com\/es\/#organization"},"potentialAction":[{"@type":"SearchAction","target":{"@type":"EntryPoint","urlTemplate":"https:\/\/www.olimpicmataro.com\/es\/?s={search_term_string}"},"query-input":{"@type":"PropertyValueSpecification","valueRequired":true,"valueName":"search_term_string"}}],"inLanguage":"es"},{"@type":"Organization","@id":"https:\/\/www.olimpicmataro.com\/es\/#organization","name":"Olimpic","url":"https:\/\/www.olimpicmataro.com\/es\/","logo":{"@type":"ImageObject","inLanguage":"es","@id":"https:\/\/www.olimpicmataro.com\/es\/#\/schema\/logo\/image\/","url":"https:\/\/www.olimpicmataro.com\/wp-content\/uploads\/2024\/10\/logoBig.png","contentUrl":"https:\/\/www.olimpicmataro.com\/wp-content\/uploads\/2024\/10\/logoBig.png","width":662,"height":154,"caption":"Olimpic"},"image":{"@id":"https:\/\/www.olimpicmataro.com\/es\/#\/schema\/logo\/image\/"},"sameAs":["https:\/\/www.facebook.com\/profile.php?id=61552513461920","https:\/\/www.instagram.com\/olimpic_vermut"]}]}},"wcpa_form_fields":null,"_links":{"self":[{"href":"https:\/\/www.olimpicmataro.com\/es\/wp-json\/wp\/v2\/product\/4303","targetHints":{"allow":["GET"]}}],"collection":[{"href":"https:\/\/www.olimpicmataro.com\/es\/wp-json\/wp\/v2\/product"}],"about":[{"href":"https:\/\/www.olimpicmataro.com\/es\/wp-json\/wp\/v2\/types\/product"}],"version-history":[{"count":4,"href":"https:\/\/www.olimpicmataro.com\/es\/wp-json\/wp\/v2\/product\/4303\/revisions"}],"predecessor-version":[{"id":5092,"href":"https:\/\/www.olimpicmataro.com\/es\/wp-json\/wp\/v2\/product\/4303\/revisions\/5092"}],"wp:featuredmedia":[{"embeddable":true,"href":"https:\/\/www.olimpicmataro.com\/es\/wp-json\/wp\/v2\/media\/5089"}],"wp:attachment":[{"href":"https:\/\/www.olimpicmataro.com\/es\/wp-json\/wp\/v2\/media?parent=4303"}],"wp:term":[{"taxonomy":"product_brand","embeddable":true,"href":"https:\/\/www.olimpicmataro.com\/es\/wp-json\/wp\/v2\/product_brand?post=4303"},{"taxonomy":"product_cat","embeddable":true,"href":"https:\/\/www.olimpicmataro.com\/es\/wp-json\/wp\/v2\/product_cat?post=4303"},{"taxonomy":"product_tag","embeddable":true,"href":"https:\/\/www.olimpicmataro.com\/es\/wp-json\/wp\/v2\/product_tag?post=4303"}],"curies":[{"name":"wp","href":"https:\/\/api.w.org\/{rel}","templated":true}]}}