{"id":5254,"date":"2026-04-07T08:29:34","date_gmt":"2026-04-07T06:29:34","guid":{"rendered":"https:\/\/www.olimpicmataro.com\/?post_type=product&#038;p=5254"},"modified":"2026-04-07T10:01:41","modified_gmt":"2026-04-07T08:01:41","slug":"domingo-12-de-abril-cata-de-vermuts","status":"publish","type":"product","link":"https:\/\/www.olimpicmataro.com\/es\/producte\/domingo-12-de-abril-cata-de-vermuts\/","title":{"rendered":"Domingo 12 de abril: Cata de vermuts"},"content":{"rendered":"","protected":false},"excerpt":{"rendered":"<p><strong>Fecha: Domingo 12 de abril<br \/>\nHora: 12:00h<\/strong><\/p>\n<p>Probaremos 8 vermuts acompa\u00f1ados de una selecci\u00f3n de aperitivos cl\u00e1sicos.<\/p>\n","protected":false},"featured_media":5256,"template":"","meta":{"_joinchat":[]},"product_brand":[],"product_cat":[53],"product_tag":[],"class_list":{"0":"post-5254","1":"product","2":"type-product","3":"status-publish","4":"has-post-thumbnail","6":"product_cat-eventos","8":"first","9":"outofstock","10":"shipping-taxable","11":"purchasable","12":"product-type-simple"},"yoast_head":"<!-- This site is optimized with the Yoast SEO Premium plugin v22.8 (Yoast SEO v26.6) - https:\/\/yoast.com\/wordpress\/plugins\/seo\/ -->\n<title>Domingo 12 de abril: Cata de vermuts - Ol\u00edmpic<\/title>\n<meta name=\"robots\" content=\"index, follow, max-snippet:-1, max-image-preview:large, max-video-preview:-1\" \/>\n<link rel=\"canonical\" href=\"https:\/\/www.olimpicmataro.com\/es\/producte\/domingo-12-de-abril-cata-de-vermuts\/\" \/>\n<meta property=\"og:locale\" content=\"es_ES\" \/>\n<meta property=\"og:type\" content=\"article\" \/>\n<meta property=\"og:title\" content=\"Domingo 12 de abril: Cata de vermuts\" \/>\n<meta property=\"og:description\" content=\"Fecha: Domingo 12 de abril Hora: 12:00h  Probaremos 8 vermuts acompa\u00f1ados de una selecci\u00f3n de aperitivos cl\u00e1sicos.\" \/>\n<meta property=\"og:url\" content=\"https:\/\/www.olimpicmataro.com\/es\/producte\/domingo-12-de-abril-cata-de-vermuts\/\" \/>\n<meta property=\"og:site_name\" content=\"Ol\u00edmpic\" \/>\n<meta property=\"article:publisher\" content=\"https:\/\/www.facebook.com\/profile.php?id=61552513461920\" \/>\n<meta property=\"article:modified_time\" content=\"2026-04-07T08:01:41+00:00\" \/>\n<meta property=\"og:image\" content=\"https:\/\/www.olimpicmataro.com\/wp-content\/uploads\/2026\/04\/tast_1204.webp\" \/>\n\t<meta property=\"og:image:width\" content=\"917\" \/>\n\t<meta property=\"og:image:height\" content=\"1363\" \/>\n\t<meta property=\"og:image:type\" content=\"image\/png\" \/>\n<meta name=\"twitter:card\" content=\"summary_large_image\" \/>\n<meta name=\"twitter:label1\" content=\"Tiempo de lectura\" \/>\n\t<meta name=\"twitter:data1\" content=\"1 minuto\" \/>\n<script type=\"application\/ld+json\" class=\"yoast-schema-graph\">{\"@context\":\"https:\/\/schema.org\",\"@graph\":[{\"@type\":\"WebPage\",\"@id\":\"https:\/\/www.olimpicmataro.com\/es\/producte\/domingo-12-de-abril-cata-de-vermuts\/\",\"url\":\"https:\/\/www.olimpicmataro.com\/es\/producte\/domingo-12-de-abril-cata-de-vermuts\/\",\"name\":\"Domingo 12 de abril: Cata de vermuts - Ol\u00edmpic\",\"isPartOf\":{\"@id\":\"https:\/\/www.olimpicmataro.com\/es\/#website\"},\"primaryImageOfPage\":{\"@id\":\"https:\/\/www.olimpicmataro.com\/es\/producte\/domingo-12-de-abril-cata-de-vermuts\/#primaryimage\"},\"image\":{\"@id\":\"https:\/\/www.olimpicmataro.com\/es\/producte\/domingo-12-de-abril-cata-de-vermuts\/#primaryimage\"},\"thumbnailUrl\":\"https:\/\/www.olimpicmataro.com\/wp-content\/uploads\/2026\/04\/tast_1204.webp\",\"datePublished\":\"2026-04-07T06:29:34+00:00\",\"dateModified\":\"2026-04-07T08:01:41+00:00\",\"breadcrumb\":{\"@id\":\"https:\/\/www.olimpicmataro.com\/es\/producte\/domingo-12-de-abril-cata-de-vermuts\/#breadcrumb\"},\"inLanguage\":\"es\",\"potentialAction\":[{\"@type\":\"ReadAction\",\"target\":[\"https:\/\/www.olimpicmataro.com\/es\/producte\/domingo-12-de-abril-cata-de-vermuts\/\"]}]},{\"@type\":\"ImageObject\",\"inLanguage\":\"es\",\"@id\":\"https:\/\/www.olimpicmataro.com\/es\/producte\/domingo-12-de-abril-cata-de-vermuts\/#primaryimage\",\"url\":\"https:\/\/www.olimpicmataro.com\/wp-content\/uploads\/2026\/04\/tast_1204.webp\",\"contentUrl\":\"https:\/\/www.olimpicmataro.com\/wp-content\/uploads\/2026\/04\/tast_1204.webp\",\"width\":917,\"height\":1363},{\"@type\":\"BreadcrumbList\",\"@id\":\"https:\/\/www.olimpicmataro.com\/es\/producte\/domingo-12-de-abril-cata-de-vermuts\/#breadcrumb\",\"itemListElement\":[{\"@type\":\"ListItem\",\"position\":1,\"name\":\"Portada\",\"item\":\"https:\/\/www.olimpicmataro.com\/es\/\"},{\"@type\":\"ListItem\",\"position\":2,\"name\":\"Productos\",\"item\":\"https:\/\/www.olimpicmataro.com\/es\/shop\/\"},{\"@type\":\"ListItem\",\"position\":3,\"name\":\"Domingo 12 de abril: Cata de vermuts\"}]},{\"@type\":\"WebSite\",\"@id\":\"https:\/\/www.olimpicmataro.com\/es\/#website\",\"url\":\"https:\/\/www.olimpicmataro.com\/es\/\",\"name\":\"Olimpic\",\"description\":\"Vermuts i plats per compartir\",\"publisher\":{\"@id\":\"https:\/\/www.olimpicmataro.com\/es\/#organization\"},\"potentialAction\":[{\"@type\":\"SearchAction\",\"target\":{\"@type\":\"EntryPoint\",\"urlTemplate\":\"https:\/\/www.olimpicmataro.com\/es\/?s={search_term_string}\"},\"query-input\":{\"@type\":\"PropertyValueSpecification\",\"valueRequired\":true,\"valueName\":\"search_term_string\"}}],\"inLanguage\":\"es\"},{\"@type\":\"Organization\",\"@id\":\"https:\/\/www.olimpicmataro.com\/es\/#organization\",\"name\":\"Olimpic\",\"url\":\"https:\/\/www.olimpicmataro.com\/es\/\",\"logo\":{\"@type\":\"ImageObject\",\"inLanguage\":\"es\",\"@id\":\"https:\/\/www.olimpicmataro.com\/es\/#\/schema\/logo\/image\/\",\"url\":\"https:\/\/www.olimpicmataro.com\/wp-content\/uploads\/2024\/10\/logoBig.png\",\"contentUrl\":\"https:\/\/www.olimpicmataro.com\/wp-content\/uploads\/2024\/10\/logoBig.png\",\"width\":662,\"height\":154,\"caption\":\"Olimpic\"},\"image\":{\"@id\":\"https:\/\/www.olimpicmataro.com\/es\/#\/schema\/logo\/image\/\"},\"sameAs\":[\"https:\/\/www.facebook.com\/profile.php?id=61552513461920\",\"https:\/\/www.instagram.com\/olimpic_vermut\"]}]}<\/script>\n<!-- \/ Yoast SEO Premium plugin. -->","yoast_head_json":{"title":"Domingo 12 de abril: Cata de vermuts - Ol\u00edmpic","robots":{"index":"index","follow":"follow","max-snippet":"max-snippet:-1","max-image-preview":"max-image-preview:large","max-video-preview":"max-video-preview:-1"},"canonical":"https:\/\/www.olimpicmataro.com\/es\/producte\/domingo-12-de-abril-cata-de-vermuts\/","og_locale":"es_ES","og_type":"article","og_title":"Domingo 12 de abril: Cata de vermuts","og_description":"Fecha: Domingo 12 de abril Hora: 12:00h  Probaremos 8 vermuts acompa\u00f1ados de una selecci\u00f3n de aperitivos cl\u00e1sicos.","og_url":"https:\/\/www.olimpicmataro.com\/es\/producte\/domingo-12-de-abril-cata-de-vermuts\/","og_site_name":"Ol\u00edmpic","article_publisher":"https:\/\/www.facebook.com\/profile.php?id=61552513461920","article_modified_time":"2026-04-07T08:01:41+00:00","og_image":[{"width":917,"height":1363,"url":"https:\/\/www.olimpicmataro.com\/wp-content\/uploads\/2026\/04\/tast_1204.webp","type":"image\/png"}],"twitter_card":"summary_large_image","twitter_misc":{"Tiempo de lectura":"1 minuto"},"schema":{"@context":"https:\/\/schema.org","@graph":[{"@type":"WebPage","@id":"https:\/\/www.olimpicmataro.com\/es\/producte\/domingo-12-de-abril-cata-de-vermuts\/","url":"https:\/\/www.olimpicmataro.com\/es\/producte\/domingo-12-de-abril-cata-de-vermuts\/","name":"Domingo 12 de abril: Cata de vermuts - Ol\u00edmpic","isPartOf":{"@id":"https:\/\/www.olimpicmataro.com\/es\/#website"},"primaryImageOfPage":{"@id":"https:\/\/www.olimpicmataro.com\/es\/producte\/domingo-12-de-abril-cata-de-vermuts\/#primaryimage"},"image":{"@id":"https:\/\/www.olimpicmataro.com\/es\/producte\/domingo-12-de-abril-cata-de-vermuts\/#primaryimage"},"thumbnailUrl":"https:\/\/www.olimpicmataro.com\/wp-content\/uploads\/2026\/04\/tast_1204.webp","datePublished":"2026-04-07T06:29:34+00:00","dateModified":"2026-04-07T08:01:41+00:00","breadcrumb":{"@id":"https:\/\/www.olimpicmataro.com\/es\/producte\/domingo-12-de-abril-cata-de-vermuts\/#breadcrumb"},"inLanguage":"es","potentialAction":[{"@type":"ReadAction","target":["https:\/\/www.olimpicmataro.com\/es\/producte\/domingo-12-de-abril-cata-de-vermuts\/"]}]},{"@type":"ImageObject","inLanguage":"es","@id":"https:\/\/www.olimpicmataro.com\/es\/producte\/domingo-12-de-abril-cata-de-vermuts\/#primaryimage","url":"https:\/\/www.olimpicmataro.com\/wp-content\/uploads\/2026\/04\/tast_1204.webp","contentUrl":"https:\/\/www.olimpicmataro.com\/wp-content\/uploads\/2026\/04\/tast_1204.webp","width":917,"height":1363},{"@type":"BreadcrumbList","@id":"https:\/\/www.olimpicmataro.com\/es\/producte\/domingo-12-de-abril-cata-de-vermuts\/#breadcrumb","itemListElement":[{"@type":"ListItem","position":1,"name":"Portada","item":"https:\/\/www.olimpicmataro.com\/es\/"},{"@type":"ListItem","position":2,"name":"Productos","item":"https:\/\/www.olimpicmataro.com\/es\/shop\/"},{"@type":"ListItem","position":3,"name":"Domingo 12 de abril: Cata de vermuts"}]},{"@type":"WebSite","@id":"https:\/\/www.olimpicmataro.com\/es\/#website","url":"https:\/\/www.olimpicmataro.com\/es\/","name":"Olimpic","description":"Vermuts i plats per compartir","publisher":{"@id":"https:\/\/www.olimpicmataro.com\/es\/#organization"},"potentialAction":[{"@type":"SearchAction","target":{"@type":"EntryPoint","urlTemplate":"https:\/\/www.olimpicmataro.com\/es\/?s={search_term_string}"},"query-input":{"@type":"PropertyValueSpecification","valueRequired":true,"valueName":"search_term_string"}}],"inLanguage":"es"},{"@type":"Organization","@id":"https:\/\/www.olimpicmataro.com\/es\/#organization","name":"Olimpic","url":"https:\/\/www.olimpicmataro.com\/es\/","logo":{"@type":"ImageObject","inLanguage":"es","@id":"https:\/\/www.olimpicmataro.com\/es\/#\/schema\/logo\/image\/","url":"https:\/\/www.olimpicmataro.com\/wp-content\/uploads\/2024\/10\/logoBig.png","contentUrl":"https:\/\/www.olimpicmataro.com\/wp-content\/uploads\/2024\/10\/logoBig.png","width":662,"height":154,"caption":"Olimpic"},"image":{"@id":"https:\/\/www.olimpicmataro.com\/es\/#\/schema\/logo\/image\/"},"sameAs":["https:\/\/www.facebook.com\/profile.php?id=61552513461920","https:\/\/www.instagram.com\/olimpic_vermut"]}]}},"wcpa_form_fields":null,"_links":{"self":[{"href":"https:\/\/www.olimpicmataro.com\/es\/wp-json\/wp\/v2\/product\/5254","targetHints":{"allow":["GET"]}}],"collection":[{"href":"https:\/\/www.olimpicmataro.com\/es\/wp-json\/wp\/v2\/product"}],"about":[{"href":"https:\/\/www.olimpicmataro.com\/es\/wp-json\/wp\/v2\/types\/product"}],"version-history":[{"count":3,"href":"https:\/\/www.olimpicmataro.com\/es\/wp-json\/wp\/v2\/product\/5254\/revisions"}],"predecessor-version":[{"id":5265,"href":"https:\/\/www.olimpicmataro.com\/es\/wp-json\/wp\/v2\/product\/5254\/revisions\/5265"}],"wp:featuredmedia":[{"embeddable":true,"href":"https:\/\/www.olimpicmataro.com\/es\/wp-json\/wp\/v2\/media\/5256"}],"wp:attachment":[{"href":"https:\/\/www.olimpicmataro.com\/es\/wp-json\/wp\/v2\/media?parent=5254"}],"wp:term":[{"taxonomy":"product_brand","embeddable":true,"href":"https:\/\/www.olimpicmataro.com\/es\/wp-json\/wp\/v2\/product_brand?post=5254"},{"taxonomy":"product_cat","embeddable":true,"href":"https:\/\/www.olimpicmataro.com\/es\/wp-json\/wp\/v2\/product_cat?post=5254"},{"taxonomy":"product_tag","embeddable":true,"href":"https:\/\/www.olimpicmataro.com\/es\/wp-json\/wp\/v2\/product_tag?post=5254"}],"curies":[{"name":"wp","href":"https:\/\/api.w.org\/{rel}","templated":true}]}}